{"id":15660,"date":"2024-05-02T17:05:27","date_gmt":"2024-05-02T15:05:27","guid":{"rendered":"https:\/\/ecointegral.fm360.es\/calidad\/"},"modified":"2025-11-13T12:33:25","modified_gmt":"2025-11-13T11:33:25","slug":"systemy-jakosci-i-zarzadzania","status":"publish","type":"page","link":"https:\/\/ecointegral.com\/pl\/systemy-jakosci-i-zarzadzania\/","title":{"rendered":"Systemy jako\u015bci i zarz\u0105dzania"},"content":{"rendered":"\t\t<div data-elementor-type=\"wp-page\" data-elementor-id=\"15660\" class=\"elementor elementor-15660 elementor-12509\" data-elementor-post-type=\"page\">\n\t\t\t\t<div class=\"elementor-element elementor-element-a93bb1a e-con-full e-flex e-con e-parent\" data-id=\"a93bb1a\" data-element_type=\"container\" data-settings=\"{&quot;background_background&quot;:&quot;classic&quot;,&quot;_ob_glider_is_slider&quot;:&quot;no&quot;}\">\n\t\t\t\t<div class=\"elementor-element elementor-element-edda92a elementor-widget elementor-widget-heading\" data-id=\"edda92a\" data-element_type=\"widget\" data-widget_type=\"heading.default\">\n\t\t\t\t<div class=\"elementor-widget-container\">\n\t\t\t<style>\/*! elementor - v3.21.0 - 26-05-2024 *\/\n.elementor-heading-title{padding:0;margin:0;line-height:1}.elementor-widget-heading .elementor-heading-title[class*=elementor-size-]>a{color:inherit;font-size:inherit;line-height:inherit}.elementor-widget-heading .elementor-heading-title.elementor-size-small{font-size:15px}.elementor-widget-heading .elementor-heading-title.elementor-size-medium{font-size:19px}.elementor-widget-heading .elementor-heading-title.elementor-size-large{font-size:29px}.elementor-widget-heading .elementor-heading-title.elementor-size-xl{font-size:39px}.elementor-widget-heading .elementor-heading-title.elementor-size-xxl{font-size:59px}<\/style><h1 class=\"elementor-heading-title elementor-size-default\">SYSTEMY JAKO\u015aCI I ZARZ\u0104DZANIA<\/h1>\t\t<\/div>\n\t\t\t\t<\/div>\n\t\t\t\t<\/div>\n\t\t<div class=\"elementor-element elementor-element-bc5754b e-flex e-con-boxed e-con e-parent\" data-id=\"bc5754b\" data-element_type=\"container\" data-settings=\"{&quot;_ob_glider_is_slider&quot;:&quot;no&quot;}\">\n\t\t\t\t\t<div class=\"e-con-inner\">\n\t\t\t\t<div class=\"elementor-element elementor-element-b969ae6 elementor-widget elementor-widget-text-editor\" data-id=\"b969ae6\" data-element_type=\"widget\" data-widget_type=\"text-editor.default\">\n\t\t\t\t<div class=\"elementor-widget-container\">\n\t\t\t<style>\/*! elementor - v3.21.0 - 26-05-2024 *\/\n.elementor-widget-text-editor.elementor-drop-cap-view-stacked .elementor-drop-cap{background-color:#69727d;color:#fff}.elementor-widget-text-editor.elementor-drop-cap-view-framed .elementor-drop-cap{color:#69727d;border:3px solid;background-color:transparent}.elementor-widget-text-editor:not(.elementor-drop-cap-view-default) .elementor-drop-cap{margin-top:8px}.elementor-widget-text-editor:not(.elementor-drop-cap-view-default) .elementor-drop-cap-letter{width:1em;height:1em}.elementor-widget-text-editor .elementor-drop-cap{float:left;text-align:center;line-height:1;font-size:50px}.elementor-widget-text-editor .elementor-drop-cap-letter{display:inline-block}<\/style>\t\t\t\t<p><strong>Ecointegral Ingenier\u00eda<\/strong> zdaje sobie spraw\u0119 z istotnego znaczenia jako\u015bci \u015bwiadczonych us\u0142ug i aby w pe\u0142ni zaspokoi\u0107 potrzeby swoich klient\u00f3w i stale doskonali\u0107 swoje procesy, zdecydowa\u0142a si\u0119 na wdro\u017cenie zintegrowanego systemu zarz\u0105dzania w politykach dotycz\u0105cych jako\u015bci, ochrony \u015brodowiska, zapobiegania ryzyku zawodowemu i zarz\u0105dzanie energi\u0105, kt\u00f3re s\u0105 skuteczne i dostosowane do Twoich potrzeb.<\/p><p>Aby spe\u0142ni\u0107 nasze wymagania HSEQ, firma Ecointegral Ingenier\u00eda promuje pozytywn\u0105 kultur\u0119 podej\u015bcia do b\u0142\u0119d\u00f3w, wykazuj\u0105c otwarto\u015b\u0107 i przejrzysto\u015b\u0107, a tak\u017ce proces ci\u0105g\u0142ego doskonalenia.<\/p><p>Dzi\u0119ki temu systemowi staramy si\u0119 spe\u0142nia\u0107 najwy\u017csze oczekiwania naszych klient\u00f3w poprzez doskona\u0142o\u015b\u0107 jako\u015bci \u015bwiadczonych przez nas us\u0142ug i jednoczesne utrzymanie zaanga\u017cowania w zr\u00f3wnowa\u017cony rozw\u00f3j naszych dzia\u0142a\u0144, przy zachowaniu bezpiecze\u0144stwa, zdrowia i dobrego samopoczucia naszego zespo\u0142u, a tak\u017ce przy jak najbardziej efektywnym wykorzystaniu energii.<\/p><p>Nasze systemy dotycz\u0105ce jako\u015bci, zarz\u0105dzania \u015brodowiskiem, zapobiegania ryzyku zawodowemu i system zarz\u0105dzania energi\u0105 s\u0105 certyfikowane zgodnie z<strong>\u00a0<span style=\"color: #000000;\"><a style=\"color: #000000;\" href=\"https:\/\/ecointegral.com\/wp-content\/uploads\/2020\/02\/18001-1.pdf\">OHSAS 18001<\/a>,\u00a0<a style=\"color: #000000;\" href=\"https:\/\/ecointegral.com\/wp-content\/uploads\/2020\/02\/CERTIFICADO-ISO-9001_2015-24_07_2018.pdf\">ISO 9001<\/a>,\u00a0<a style=\"color: #000000;\" href=\"https:\/\/ecointegral.com\/wp-content\/uploads\/2020\/02\/CERTIFICADO-ISO-14001_2015-24_07_2018.pdf\">ISO 14001<\/a>\u00a0i\u00a0<a style=\"color: #000000;\" href=\"https:\/\/ecointegral.com\/wp-content\/uploads\/2019\/12\/500001_2011-30_07_2020-1.pdf\">ISO 50001<\/a>.<\/span><\/strong><\/p><p>Odpowiedzialne i zr\u00f3wnowa\u017cone dzia\u0142anie, aktywny udzia\u0142 wszystkich pracownik\u00f3w i otwarty dialog s\u0105 podstawowymi miernikami sukcesu naszej organizacji.\u00a0 Jeste\u015bmy tego \u015bwiadomi, dlatego wychodzimy poza zwyk\u0142e zachowanie zgodno\u015bci z wymogami prawnymi.<\/p>\t\t\t\t\t\t<\/div>\n\t\t\t\t<\/div>\n\t\t\t\t\t<\/div>\n\t\t\t\t<\/div>\n\t\t<div class=\"elementor-element elementor-element-3ed2068 e-flex e-con-boxed e-con e-parent\" data-id=\"3ed2068\" data-element_type=\"container\" data-settings=\"{&quot;background_background&quot;:&quot;classic&quot;,&quot;_ob_glider_is_slider&quot;:&quot;no&quot;}\">\n\t\t\t\t\t<div class=\"e-con-inner\">\n\t\t\t\t<div class=\"elementor-element elementor-element-a66f188 elementor-widget elementor-widget-heading\" data-id=\"a66f188\" data-element_type=\"widget\" data-widget_type=\"heading.default\">\n\t\t\t\t<div class=\"elementor-widget-container\">\n\t\t\t<p class=\"elementor-heading-title elementor-size-default\">MO\u017bESZ TAK\u017bE ZAPOZNA\u0106 SI\u0118 Z PE\u0141N\u0104 POLITYK\u0104 ECOINTEGRAL DOTYCZ\u0104C\u0104 JAKO\u015aCI, \u015aRODOWISKA, BEZPIECZE\u0143STWA I WYDAJNO\u015aCI ENERGETYCZNEJ<\/p>\t\t<\/div>\n\t\t\t\t<\/div>\n\t\t\t\t<div class=\"elementor-element elementor-element-c31eb17 elementor-align-center elementor-widget elementor-widget-button\" data-id=\"c31eb17\" data-element_type=\"widget\" data-widget_type=\"button.default\">\n\t\t\t\t<div class=\"elementor-widget-container\">\n\t\t\t\t\t<div class=\"elementor-button-wrapper\">\n\t\t\t<a class=\"elementor-button elementor-button-link elementor-size-sm\" href=\"https:\/\/ecointegral.com\/pl\/calidad_rev22\/\">\n\t\t\t\t\t\t<span class=\"elementor-button-content-wrapper\">\n\t\t\t\t\t\t\t\t\t<span class=\"elementor-button-text\">Sp\u00f3jrz tutaj<\/span>\n\t\t\t\t\t<\/span>\n\t\t\t\t\t<\/a>\n\t\t<\/div>\n\t\t\t\t<\/div>\n\t\t\t\t<\/div>\n\t\t\t\t\t<\/div>\n\t\t\t\t<\/div>\n\t\t\t\t<\/div>\n\t\t","protected":false},"excerpt":{"rendered":"<p>SYSTEMY JAKO\u015aCI I ZARZ\u0104DZANIA Ecointegral Ingenier\u00eda zdaje sobie spraw\u0119 z istotnego znaczenia jako\u015bci \u015bwiadczonych us\u0142ug i aby w pe\u0142ni zaspokoi\u0107 potrzeby swoich klient\u00f3w i stale doskonali\u0107 swoje procesy, zdecydowa\u0142a si\u0119 na wdro\u017cenie zintegrowanego systemu zarz\u0105dzania w politykach dotycz\u0105cych jako\u015bci, ochrony \u015brodowiska, zapobiegania ryzyku zawodowemu i zarz\u0105dzanie energi\u0105, kt\u00f3re s\u0105 skuteczne i dostosowane do Twoich potrzeb. [&hellip;]<\/p>\n","protected":false},"author":1,"featured_media":0,"parent":0,"menu_order":0,"comment_status":"closed","ping_status":"closed","template":"","meta":{"footnotes":""},"yoast_head":"<!-- This site is optimized with the Yoast SEO plugin v22.8 - https:\/\/yoast.com\/wordpress\/plugins\/seo\/ -->\n<title>Systemy jako\u015bci i zarz\u0105dzania - Ecointegral<\/title>\n<meta name=\"robots\" content=\"index, follow, max-snippet:-1, max-image-preview:large, max-video-preview:-1\" \/>\n<link rel=\"canonical\" href=\"https:\/\/ecointegral.com\/pl\/systemy-jakosci-i-zarzadzania\/\" \/>\n<meta property=\"og:locale\" content=\"pl_PL\" \/>\n<meta property=\"og:type\" content=\"article\" \/>\n<meta property=\"og:title\" content=\"Systemy jako\u015bci i zarz\u0105dzania - Ecointegral\" \/>\n<meta property=\"og:description\" content=\"SYSTEMY JAKO\u015aCI I ZARZ\u0104DZANIA Ecointegral Ingenier\u00eda zdaje sobie spraw\u0119 z istotnego znaczenia jako\u015bci \u015bwiadczonych us\u0142ug i aby w pe\u0142ni zaspokoi\u0107 potrzeby swoich klient\u00f3w i stale doskonali\u0107 swoje procesy, zdecydowa\u0142a si\u0119 na wdro\u017cenie zintegrowanego systemu zarz\u0105dzania w politykach dotycz\u0105cych jako\u015bci, ochrony \u015brodowiska, zapobiegania ryzyku zawodowemu i zarz\u0105dzanie energi\u0105, kt\u00f3re s\u0105 skuteczne i dostosowane do Twoich potrzeb. [&hellip;]\" \/>\n<meta property=\"og:url\" content=\"https:\/\/ecointegral.com\/pl\/systemy-jakosci-i-zarzadzania\/\" \/>\n<meta property=\"og:site_name\" content=\"Ecointegral\" \/>\n<meta property=\"article:modified_time\" content=\"2025-11-13T11:33:25+00:00\" \/>\n<meta name=\"twitter:card\" content=\"summary_large_image\" \/>\n<meta name=\"twitter:label1\" content=\"Szacowany czas czytania\" \/>\n\t<meta name=\"twitter:data1\" content=\"2 minuty\" \/>\n<script type=\"application\/ld+json\" class=\"yoast-schema-graph\">{\"@context\":\"https:\/\/schema.org\",\"@graph\":[{\"@type\":\"WebPage\",\"@id\":\"https:\/\/ecointegral.com\/pl\/systemy-jakosci-i-zarzadzania\/\",\"url\":\"https:\/\/ecointegral.com\/pl\/systemy-jakosci-i-zarzadzania\/\",\"name\":\"Systemy jako\u015bci i zarz\u0105dzania - Ecointegral\",\"isPartOf\":{\"@id\":\"https:\/\/ecointegral.com\/#website\"},\"datePublished\":\"2024-05-02T15:05:27+00:00\",\"dateModified\":\"2025-11-13T11:33:25+00:00\",\"breadcrumb\":{\"@id\":\"https:\/\/ecointegral.com\/pl\/systemy-jakosci-i-zarzadzania\/#breadcrumb\"},\"inLanguage\":\"pl-PL\",\"potentialAction\":[{\"@type\":\"ReadAction\",\"target\":[\"https:\/\/ecointegral.com\/pl\/systemy-jakosci-i-zarzadzania\/\"]}]},{\"@type\":\"BreadcrumbList\",\"@id\":\"https:\/\/ecointegral.com\/pl\/systemy-jakosci-i-zarzadzania\/#breadcrumb\",\"itemListElement\":[{\"@type\":\"ListItem\",\"position\":1,\"name\":\"Portada\",\"item\":\"https:\/\/ecointegral.com\/pl\/\"},{\"@type\":\"ListItem\",\"position\":2,\"name\":\"Systemy jako\u015bci i zarz\u0105dzania\"}]},{\"@type\":\"WebSite\",\"@id\":\"https:\/\/ecointegral.com\/#website\",\"url\":\"https:\/\/ecointegral.com\/\",\"name\":\"Ecointegral\",\"description\":\"\",\"publisher\":{\"@id\":\"https:\/\/ecointegral.com\/#organization\"},\"potentialAction\":[{\"@type\":\"SearchAction\",\"target\":{\"@type\":\"EntryPoint\",\"urlTemplate\":\"https:\/\/ecointegral.com\/?s={search_term_string}\"},\"query-input\":\"required name=search_term_string\"}],\"inLanguage\":\"pl-PL\"},{\"@type\":\"Organization\",\"@id\":\"https:\/\/ecointegral.com\/#organization\",\"name\":\"Ecointegral\",\"url\":\"https:\/\/ecointegral.com\/\",\"logo\":{\"@type\":\"ImageObject\",\"inLanguage\":\"pl-PL\",\"@id\":\"https:\/\/ecointegral.com\/#\/schema\/logo\/image\/\",\"url\":\"https:\/\/ecointegral.com\/wp-content\/uploads\/2024\/04\/image001.png\",\"contentUrl\":\"https:\/\/ecointegral.com\/wp-content\/uploads\/2024\/04\/image001.png\",\"width\":357,\"height\":99,\"caption\":\"Ecointegral\"},\"image\":{\"@id\":\"https:\/\/ecointegral.com\/#\/schema\/logo\/image\/\"}}]}<\/script>\n<!-- \/ Yoast SEO plugin. -->","yoast_head_json":{"title":"Systemy jako\u015bci i zarz\u0105dzania - Ecointegral","robots":{"index":"index","follow":"follow","max-snippet":"max-snippet:-1","max-image-preview":"max-image-preview:large","max-video-preview":"max-video-preview:-1"},"canonical":"https:\/\/ecointegral.com\/pl\/systemy-jakosci-i-zarzadzania\/","og_locale":"pl_PL","og_type":"article","og_title":"Systemy jako\u015bci i zarz\u0105dzania - Ecointegral","og_description":"SYSTEMY JAKO\u015aCI I ZARZ\u0104DZANIA Ecointegral Ingenier\u00eda zdaje sobie spraw\u0119 z istotnego znaczenia jako\u015bci \u015bwiadczonych us\u0142ug i aby w pe\u0142ni zaspokoi\u0107 potrzeby swoich klient\u00f3w i stale doskonali\u0107 swoje procesy, zdecydowa\u0142a si\u0119 na wdro\u017cenie zintegrowanego systemu zarz\u0105dzania w politykach dotycz\u0105cych jako\u015bci, ochrony \u015brodowiska, zapobiegania ryzyku zawodowemu i zarz\u0105dzanie energi\u0105, kt\u00f3re s\u0105 skuteczne i dostosowane do Twoich potrzeb. [&hellip;]","og_url":"https:\/\/ecointegral.com\/pl\/systemy-jakosci-i-zarzadzania\/","og_site_name":"Ecointegral","article_modified_time":"2025-11-13T11:33:25+00:00","twitter_card":"summary_large_image","twitter_misc":{"Szacowany czas czytania":"2 minuty"},"schema":{"@context":"https:\/\/schema.org","@graph":[{"@type":"WebPage","@id":"https:\/\/ecointegral.com\/pl\/systemy-jakosci-i-zarzadzania\/","url":"https:\/\/ecointegral.com\/pl\/systemy-jakosci-i-zarzadzania\/","name":"Systemy jako\u015bci i zarz\u0105dzania - Ecointegral","isPartOf":{"@id":"https:\/\/ecointegral.com\/#website"},"datePublished":"2024-05-02T15:05:27+00:00","dateModified":"2025-11-13T11:33:25+00:00","breadcrumb":{"@id":"https:\/\/ecointegral.com\/pl\/systemy-jakosci-i-zarzadzania\/#breadcrumb"},"inLanguage":"pl-PL","potentialAction":[{"@type":"ReadAction","target":["https:\/\/ecointegral.com\/pl\/systemy-jakosci-i-zarzadzania\/"]}]},{"@type":"BreadcrumbList","@id":"https:\/\/ecointegral.com\/pl\/systemy-jakosci-i-zarzadzania\/#breadcrumb","itemListElement":[{"@type":"ListItem","position":1,"name":"Portada","item":"https:\/\/ecointegral.com\/pl\/"},{"@type":"ListItem","position":2,"name":"Systemy jako\u015bci i zarz\u0105dzania"}]},{"@type":"WebSite","@id":"https:\/\/ecointegral.com\/#website","url":"https:\/\/ecointegral.com\/","name":"Ecointegral","description":"","publisher":{"@id":"https:\/\/ecointegral.com\/#organization"},"potentialAction":[{"@type":"SearchAction","target":{"@type":"EntryPoint","urlTemplate":"https:\/\/ecointegral.com\/?s={search_term_string}"},"query-input":"required name=search_term_string"}],"inLanguage":"pl-PL"},{"@type":"Organization","@id":"https:\/\/ecointegral.com\/#organization","name":"Ecointegral","url":"https:\/\/ecointegral.com\/","logo":{"@type":"ImageObject","inLanguage":"pl-PL","@id":"https:\/\/ecointegral.com\/#\/schema\/logo\/image\/","url":"https:\/\/ecointegral.com\/wp-content\/uploads\/2024\/04\/image001.png","contentUrl":"https:\/\/ecointegral.com\/wp-content\/uploads\/2024\/04\/image001.png","width":357,"height":99,"caption":"Ecointegral"},"image":{"@id":"https:\/\/ecointegral.com\/#\/schema\/logo\/image\/"}}]}},"_links":{"self":[{"href":"https:\/\/ecointegral.com\/pl\/wp-json\/wp\/v2\/pages\/15660"}],"collection":[{"href":"https:\/\/ecointegral.com\/pl\/wp-json\/wp\/v2\/pages"}],"about":[{"href":"https:\/\/ecointegral.com\/pl\/wp-json\/wp\/v2\/types\/page"}],"author":[{"embeddable":true,"href":"https:\/\/ecointegral.com\/pl\/wp-json\/wp\/v2\/users\/1"}],"replies":[{"embeddable":true,"href":"https:\/\/ecointegral.com\/pl\/wp-json\/wp\/v2\/comments?post=15660"}],"version-history":[{"count":3,"href":"https:\/\/ecointegral.com\/pl\/wp-json\/wp\/v2\/pages\/15660\/revisions"}],"predecessor-version":[{"id":17131,"href":"https:\/\/ecointegral.com\/pl\/wp-json\/wp\/v2\/pages\/15660\/revisions\/17131"}],"wp:attachment":[{"href":"https:\/\/ecointegral.com\/pl\/wp-json\/wp\/v2\/media?parent=15660"}],"curies":[{"name":"wp","href":"https:\/\/api.w.org\/{rel}","templated":true}]}}