{"id":15670,"date":"2024-05-02T17:12:39","date_gmt":"2024-05-02T15:12:39","guid":{"rendered":"https:\/\/ecointegral.fm360.es\/responsabilidad\/"},"modified":"2025-03-12T13:33:00","modified_gmt":"2025-03-12T12:33:00","slug":"odpowiedzialnosc","status":"publish","type":"page","link":"https:\/\/ecointegral.com\/pl\/odpowiedzialnosc\/","title":{"rendered":"Odpowiedzialno\u015b\u0107"},"content":{"rendered":"\t\t<div data-elementor-type=\"wp-page\" data-elementor-id=\"15670\" class=\"elementor elementor-15670 elementor-12526\" data-elementor-post-type=\"page\">\n\t\t\t\t<div class=\"elementor-element elementor-element-a93bb1a e-con-full e-flex e-con e-parent\" data-id=\"a93bb1a\" data-element_type=\"container\" data-settings=\"{&quot;background_background&quot;:&quot;classic&quot;,&quot;_ob_glider_is_slider&quot;:&quot;no&quot;}\">\n\t\t\t\t<div class=\"elementor-element elementor-element-edda92a elementor-widget elementor-widget-heading\" data-id=\"edda92a\" data-element_type=\"widget\" data-widget_type=\"heading.default\">\n\t\t\t\t<div class=\"elementor-widget-container\">\n\t\t\t<style>\/*! elementor - v3.21.0 - 26-05-2024 *\/\n.elementor-heading-title{padding:0;margin:0;line-height:1}.elementor-widget-heading .elementor-heading-title[class*=elementor-size-]>a{color:inherit;font-size:inherit;line-height:inherit}.elementor-widget-heading .elementor-heading-title.elementor-size-small{font-size:15px}.elementor-widget-heading .elementor-heading-title.elementor-size-medium{font-size:19px}.elementor-widget-heading .elementor-heading-title.elementor-size-large{font-size:29px}.elementor-widget-heading .elementor-heading-title.elementor-size-xl{font-size:39px}.elementor-widget-heading .elementor-heading-title.elementor-size-xxl{font-size:59px}<\/style><h1 class=\"elementor-heading-title elementor-size-default\">Odpowiedzialno\u015b\u0107<\/h1>\t\t<\/div>\n\t\t\t\t<\/div>\n\t\t\t\t<\/div>\n\t\t<div class=\"elementor-element elementor-element-70b91e8 e-flex e-con-boxed e-con e-parent\" data-id=\"70b91e8\" data-element_type=\"container\" data-settings=\"{&quot;_ob_glider_is_slider&quot;:&quot;no&quot;}\">\n\t\t\t\t\t<div class=\"e-con-inner\">\n\t\t\t\t<div class=\"elementor-element elementor-element-391436c elementor-widget elementor-widget-heading\" data-id=\"391436c\" data-element_type=\"widget\" data-widget_type=\"heading.default\">\n\t\t\t\t<div class=\"elementor-widget-container\">\n\t\t\t<p class=\"elementor-heading-title elementor-size-default\">CO TO TAKIEGO?<\/p>\t\t<\/div>\n\t\t\t\t<\/div>\n\t\t\t\t<div class=\"elementor-element elementor-element-78ff5a5 elementor-widget elementor-widget-text-editor\" data-id=\"78ff5a5\" data-element_type=\"widget\" data-widget_type=\"text-editor.default\">\n\t\t\t\t<div class=\"elementor-widget-container\">\n\t\t\t<style>\/*! elementor - v3.21.0 - 26-05-2024 *\/\n.elementor-widget-text-editor.elementor-drop-cap-view-stacked .elementor-drop-cap{background-color:#69727d;color:#fff}.elementor-widget-text-editor.elementor-drop-cap-view-framed .elementor-drop-cap{color:#69727d;border:3px solid;background-color:transparent}.elementor-widget-text-editor:not(.elementor-drop-cap-view-default) .elementor-drop-cap{margin-top:8px}.elementor-widget-text-editor:not(.elementor-drop-cap-view-default) .elementor-drop-cap-letter{width:1em;height:1em}.elementor-widget-text-editor .elementor-drop-cap{float:left;text-align:center;line-height:1;font-size:50px}.elementor-widget-text-editor .elementor-drop-cap-letter{display:inline-block}<\/style>\t\t\t\t<p>Odpowiedzialno\u015b\u0107 rozumiemy jako zgodno\u015b\u0107 ze wszystkimi przepisami, zasadami, etyk\u0105 i post\u0119powaniami, kt\u00f3re dotycz\u0105 naszej organizacji. We wszystkich naszych dzia\u0142aniach stosujemy zewn\u0119trzne zobowi\u0105zania prawne, wewn\u0119trzne zasady i ramy dzia\u0142ania oraz uznane standardy.<\/p><p>Uwa\u017camy, \u017ce odpowiedzialne i etyczne zachowanie jest niezb\u0119dne dla pomy\u015blnego rozwoju firmy. Dlatego uczciwo\u015b\u0107 i zgodno\u015b\u0107 s\u0105 wa\u017cnymi elementami strategii korporacyjnej i kultury Ecointegral.<\/p><p>Z tego powodu tworzenie, stosowanie i utrzymywanie zar\u00f3wno przepis\u00f3w zewn\u0119trznych, jak i wewn\u0119trznych zasad odpowiedzialno\u015bci ma ogromne znaczenie.<\/p>\t\t\t\t\t\t<\/div>\n\t\t\t\t<\/div>\n\t\t\t\t<div class=\"elementor-element elementor-element-245d1b0 elementor-widget elementor-widget-heading\" data-id=\"245d1b0\" data-element_type=\"widget\" data-widget_type=\"heading.default\">\n\t\t\t\t<div class=\"elementor-widget-container\">\n\t\t\t<p class=\"elementor-heading-title elementor-size-default\">JAK JE STOSUJEMY?<\/p>\t\t<\/div>\n\t\t\t\t<\/div>\n\t\t\t\t<div class=\"elementor-element elementor-element-162cc57 elementor-widget elementor-widget-text-editor\" data-id=\"162cc57\" data-element_type=\"widget\" data-widget_type=\"text-editor.default\">\n\t\t\t\t<div class=\"elementor-widget-container\">\n\t\t\t\t\t\t\t<p>Zwracamy szczeg\u00f3ln\u0105 uwag\u0119 na przestrzeganie wszystkich przepis\u00f3w i zasad, zar\u00f3wno wewn\u0119trznych, jak i zewn\u0119trznych, oraz posiadanych przez nas system\u00f3w odpowiedzialno\u015bci.<\/p><p>Nasze programy jako\u015bci i odpowiedzialno\u015bci stanowi\u0105 podstaw\u0119 naszej kultury korporacyjnej. Co roku proponujemy i wprowadzamy zmiany w politykach i systemach.<\/p><p>Te dostosowane normy i przepisy maj\u0105 by\u0107 spe\u0142nione przez pracownik\u00f3w w r\u00f3\u017cnych obszarach rozwoju.<br \/>Integruj\u0105c te systemy jako\u015bci i odpowiedzialno\u015bci w naszych dzia\u0142ach, a tak\u017ce poprzez wsparcie zewn\u0119trznych konsultant\u00f3w, staramy si\u0119 wype\u0142nia\u0107 wszystkie niezb\u0119dne obowi\u0105zki.<\/p><p>Aby pokaza\u0107 nasze warto\u015bci i nada\u0107 odpowiedni\u0105 wag\u0119 spo\u0142ecznej odpowiedzialno\u015bci biznesu, co roku staramy si\u0119 odda\u0107 spo\u0142ecze\u0144stwu cz\u0119\u015b\u0107 tego, co nam daje, uczestnicz\u0105c w ten spos\u00f3b w poprawie \u017cycia poprzez r\u00f3\u017cne projekty w niekorzystnych obszarach.<\/p><p>Ten program odpowiedzialno\u015bci ma na celu zar\u00f3wno zapobieganie naruszeniom zgodno\u015bci ze standardami, wczesne wykrywanie nieprawid\u0142owych zachowa\u0144 oraz szybkie i konsekwentne reagowanie na wszelkie wykryte naruszenia norm, a tak\u017ce podkre\u015blenie naszych zasad i warto\u015bci zar\u00f3wno ludzkich, jak i biznesowych.<\/p>\t\t\t\t\t\t<\/div>\n\t\t\t\t<\/div>\n\t\t\t\t\t<\/div>\n\t\t\t\t<\/div>\n\t\t<div class=\"elementor-element elementor-element-d92fbdf e-flex e-con-boxed e-con e-parent\" data-id=\"d92fbdf\" data-element_type=\"container\" data-settings=\"{&quot;background_background&quot;:&quot;classic&quot;,&quot;_ob_glider_is_slider&quot;:&quot;no&quot;}\">\n\t\t\t\t\t<div class=\"e-con-inner\">\n\t\t\t\t<div class=\"elementor-element elementor-element-3deb1fa elementor-widget elementor-widget-heading\" data-id=\"3deb1fa\" data-element_type=\"widget\" data-widget_type=\"heading.default\">\n\t\t\t\t<div class=\"elementor-widget-container\">\n\t\t\t<p class=\"elementor-heading-title elementor-size-default\">MO\u017bESZ TAK\u017bE PRZECZYTA\u0106 KODEKS POST\u0118POWANIA I ETYKI ECOINTEGRAL<\/p>\t\t<\/div>\n\t\t\t\t<\/div>\n\t\t\t\t<div class=\"elementor-element elementor-element-7581f12 elementor-align-center elementor-widget elementor-widget-button\" data-id=\"7581f12\" data-element_type=\"widget\" data-widget_type=\"button.default\">\n\t\t\t\t<div class=\"elementor-widget-container\">\n\t\t\t\t\t<div class=\"elementor-button-wrapper\">\n\t\t\t<a class=\"elementor-button elementor-button-link elementor-size-sm\" href=\"https:\/\/ecointegral.com\/pl\/06_compliance_codigo-de-conducta_grupo_idp\/\">\n\t\t\t\t\t\t<span class=\"elementor-button-content-wrapper\">\n\t\t\t\t\t\t\t\t\t<span class=\"elementor-button-text\">Sp\u00f3jrz tutaj<\/span>\n\t\t\t\t\t<\/span>\n\t\t\t\t\t<\/a>\n\t\t<\/div>\n\t\t\t\t<\/div>\n\t\t\t\t<\/div>\n\t\t\t\t\t<\/div>\n\t\t\t\t<\/div>\n\t\t\t\t<\/div>\n\t\t","protected":false},"excerpt":{"rendered":"<p>Odpowiedzialno\u015b\u0107 CO TO TAKIEGO? Odpowiedzialno\u015b\u0107 rozumiemy jako zgodno\u015b\u0107 ze wszystkimi przepisami, zasadami, etyk\u0105 i post\u0119powaniami, kt\u00f3re dotycz\u0105 naszej organizacji. We wszystkich naszych dzia\u0142aniach stosujemy zewn\u0119trzne zobowi\u0105zania prawne, wewn\u0119trzne zasady i ramy dzia\u0142ania oraz uznane standardy. Uwa\u017camy, \u017ce odpowiedzialne i etyczne zachowanie jest niezb\u0119dne dla pomy\u015blnego rozwoju firmy. Dlatego uczciwo\u015b\u0107 i zgodno\u015b\u0107 s\u0105 wa\u017cnymi elementami strategii [&hellip;]<\/p>\n","protected":false},"author":1,"featured_media":0,"parent":0,"menu_order":0,"comment_status":"closed","ping_status":"closed","template":"","meta":{"footnotes":""},"yoast_head":"<!-- This site is optimized with the Yoast SEO plugin v22.8 - https:\/\/yoast.com\/wordpress\/plugins\/seo\/ -->\n<title>Odpowiedzialno\u015b\u0107 - Ecointegral<\/title>\n<meta name=\"robots\" content=\"index, follow, max-snippet:-1, max-image-preview:large, max-video-preview:-1\" \/>\n<link rel=\"canonical\" href=\"https:\/\/ecointegral.com\/pl\/odpowiedzialnosc\/\" \/>\n<meta property=\"og:locale\" content=\"pl_PL\" \/>\n<meta property=\"og:type\" content=\"article\" \/>\n<meta property=\"og:title\" content=\"Odpowiedzialno\u015b\u0107 - Ecointegral\" \/>\n<meta property=\"og:description\" content=\"Odpowiedzialno\u015b\u0107 CO TO TAKIEGO? Odpowiedzialno\u015b\u0107 rozumiemy jako zgodno\u015b\u0107 ze wszystkimi przepisami, zasadami, etyk\u0105 i post\u0119powaniami, kt\u00f3re dotycz\u0105 naszej organizacji. We wszystkich naszych dzia\u0142aniach stosujemy zewn\u0119trzne zobowi\u0105zania prawne, wewn\u0119trzne zasady i ramy dzia\u0142ania oraz uznane standardy. Uwa\u017camy, \u017ce odpowiedzialne i etyczne zachowanie jest niezb\u0119dne dla pomy\u015blnego rozwoju firmy. Dlatego uczciwo\u015b\u0107 i zgodno\u015b\u0107 s\u0105 wa\u017cnymi elementami strategii [&hellip;]\" \/>\n<meta property=\"og:url\" content=\"https:\/\/ecointegral.com\/pl\/odpowiedzialnosc\/\" \/>\n<meta property=\"og:site_name\" content=\"Ecointegral\" \/>\n<meta property=\"article:modified_time\" content=\"2025-03-12T12:33:00+00:00\" \/>\n<meta name=\"twitter:card\" content=\"summary_large_image\" \/>\n<meta name=\"twitter:label1\" content=\"Szacowany czas czytania\" \/>\n\t<meta name=\"twitter:data1\" content=\"2 minuty\" \/>\n<script type=\"application\/ld+json\" class=\"yoast-schema-graph\">{\"@context\":\"https:\/\/schema.org\",\"@graph\":[{\"@type\":\"WebPage\",\"@id\":\"https:\/\/ecointegral.com\/pl\/odpowiedzialnosc\/\",\"url\":\"https:\/\/ecointegral.com\/pl\/odpowiedzialnosc\/\",\"name\":\"Odpowiedzialno\u015b\u0107 - Ecointegral\",\"isPartOf\":{\"@id\":\"https:\/\/ecointegral.com\/#website\"},\"datePublished\":\"2024-05-02T15:12:39+00:00\",\"dateModified\":\"2025-03-12T12:33:00+00:00\",\"breadcrumb\":{\"@id\":\"https:\/\/ecointegral.com\/pl\/odpowiedzialnosc\/#breadcrumb\"},\"inLanguage\":\"pl-PL\",\"potentialAction\":[{\"@type\":\"ReadAction\",\"target\":[\"https:\/\/ecointegral.com\/pl\/odpowiedzialnosc\/\"]}]},{\"@type\":\"BreadcrumbList\",\"@id\":\"https:\/\/ecointegral.com\/pl\/odpowiedzialnosc\/#breadcrumb\",\"itemListElement\":[{\"@type\":\"ListItem\",\"position\":1,\"name\":\"Portada\",\"item\":\"https:\/\/ecointegral.com\/pl\/\"},{\"@type\":\"ListItem\",\"position\":2,\"name\":\"Odpowiedzialno\u015b\u0107\"}]},{\"@type\":\"WebSite\",\"@id\":\"https:\/\/ecointegral.com\/#website\",\"url\":\"https:\/\/ecointegral.com\/\",\"name\":\"Ecointegral\",\"description\":\"\",\"publisher\":{\"@id\":\"https:\/\/ecointegral.com\/#organization\"},\"potentialAction\":[{\"@type\":\"SearchAction\",\"target\":{\"@type\":\"EntryPoint\",\"urlTemplate\":\"https:\/\/ecointegral.com\/?s={search_term_string}\"},\"query-input\":\"required name=search_term_string\"}],\"inLanguage\":\"pl-PL\"},{\"@type\":\"Organization\",\"@id\":\"https:\/\/ecointegral.com\/#organization\",\"name\":\"Ecointegral\",\"url\":\"https:\/\/ecointegral.com\/\",\"logo\":{\"@type\":\"ImageObject\",\"inLanguage\":\"pl-PL\",\"@id\":\"https:\/\/ecointegral.com\/#\/schema\/logo\/image\/\",\"url\":\"https:\/\/ecointegral.com\/wp-content\/uploads\/2024\/04\/image001.png\",\"contentUrl\":\"https:\/\/ecointegral.com\/wp-content\/uploads\/2024\/04\/image001.png\",\"width\":357,\"height\":99,\"caption\":\"Ecointegral\"},\"image\":{\"@id\":\"https:\/\/ecointegral.com\/#\/schema\/logo\/image\/\"}}]}<\/script>\n<!-- \/ Yoast SEO plugin. -->","yoast_head_json":{"title":"Odpowiedzialno\u015b\u0107 - Ecointegral","robots":{"index":"index","follow":"follow","max-snippet":"max-snippet:-1","max-image-preview":"max-image-preview:large","max-video-preview":"max-video-preview:-1"},"canonical":"https:\/\/ecointegral.com\/pl\/odpowiedzialnosc\/","og_locale":"pl_PL","og_type":"article","og_title":"Odpowiedzialno\u015b\u0107 - Ecointegral","og_description":"Odpowiedzialno\u015b\u0107 CO TO TAKIEGO? Odpowiedzialno\u015b\u0107 rozumiemy jako zgodno\u015b\u0107 ze wszystkimi przepisami, zasadami, etyk\u0105 i post\u0119powaniami, kt\u00f3re dotycz\u0105 naszej organizacji. We wszystkich naszych dzia\u0142aniach stosujemy zewn\u0119trzne zobowi\u0105zania prawne, wewn\u0119trzne zasady i ramy dzia\u0142ania oraz uznane standardy. Uwa\u017camy, \u017ce odpowiedzialne i etyczne zachowanie jest niezb\u0119dne dla pomy\u015blnego rozwoju firmy. Dlatego uczciwo\u015b\u0107 i zgodno\u015b\u0107 s\u0105 wa\u017cnymi elementami strategii [&hellip;]","og_url":"https:\/\/ecointegral.com\/pl\/odpowiedzialnosc\/","og_site_name":"Ecointegral","article_modified_time":"2025-03-12T12:33:00+00:00","twitter_card":"summary_large_image","twitter_misc":{"Szacowany czas czytania":"2 minuty"},"schema":{"@context":"https:\/\/schema.org","@graph":[{"@type":"WebPage","@id":"https:\/\/ecointegral.com\/pl\/odpowiedzialnosc\/","url":"https:\/\/ecointegral.com\/pl\/odpowiedzialnosc\/","name":"Odpowiedzialno\u015b\u0107 - Ecointegral","isPartOf":{"@id":"https:\/\/ecointegral.com\/#website"},"datePublished":"2024-05-02T15:12:39+00:00","dateModified":"2025-03-12T12:33:00+00:00","breadcrumb":{"@id":"https:\/\/ecointegral.com\/pl\/odpowiedzialnosc\/#breadcrumb"},"inLanguage":"pl-PL","potentialAction":[{"@type":"ReadAction","target":["https:\/\/ecointegral.com\/pl\/odpowiedzialnosc\/"]}]},{"@type":"BreadcrumbList","@id":"https:\/\/ecointegral.com\/pl\/odpowiedzialnosc\/#breadcrumb","itemListElement":[{"@type":"ListItem","position":1,"name":"Portada","item":"https:\/\/ecointegral.com\/pl\/"},{"@type":"ListItem","position":2,"name":"Odpowiedzialno\u015b\u0107"}]},{"@type":"WebSite","@id":"https:\/\/ecointegral.com\/#website","url":"https:\/\/ecointegral.com\/","name":"Ecointegral","description":"","publisher":{"@id":"https:\/\/ecointegral.com\/#organization"},"potentialAction":[{"@type":"SearchAction","target":{"@type":"EntryPoint","urlTemplate":"https:\/\/ecointegral.com\/?s={search_term_string}"},"query-input":"required name=search_term_string"}],"inLanguage":"pl-PL"},{"@type":"Organization","@id":"https:\/\/ecointegral.com\/#organization","name":"Ecointegral","url":"https:\/\/ecointegral.com\/","logo":{"@type":"ImageObject","inLanguage":"pl-PL","@id":"https:\/\/ecointegral.com\/#\/schema\/logo\/image\/","url":"https:\/\/ecointegral.com\/wp-content\/uploads\/2024\/04\/image001.png","contentUrl":"https:\/\/ecointegral.com\/wp-content\/uploads\/2024\/04\/image001.png","width":357,"height":99,"caption":"Ecointegral"},"image":{"@id":"https:\/\/ecointegral.com\/#\/schema\/logo\/image\/"}}]}},"_links":{"self":[{"href":"https:\/\/ecointegral.com\/pl\/wp-json\/wp\/v2\/pages\/15670"}],"collection":[{"href":"https:\/\/ecointegral.com\/pl\/wp-json\/wp\/v2\/pages"}],"about":[{"href":"https:\/\/ecointegral.com\/pl\/wp-json\/wp\/v2\/types\/page"}],"author":[{"embeddable":true,"href":"https:\/\/ecointegral.com\/pl\/wp-json\/wp\/v2\/users\/1"}],"replies":[{"embeddable":true,"href":"https:\/\/ecointegral.com\/pl\/wp-json\/wp\/v2\/comments?post=15670"}],"version-history":[{"count":3,"href":"https:\/\/ecointegral.com\/pl\/wp-json\/wp\/v2\/pages\/15670\/revisions"}],"predecessor-version":[{"id":16653,"href":"https:\/\/ecointegral.com\/pl\/wp-json\/wp\/v2\/pages\/15670\/revisions\/16653"}],"wp:attachment":[{"href":"https:\/\/ecointegral.com\/pl\/wp-json\/wp\/v2\/media?parent=15670"}],"curies":[{"name":"wp","href":"https:\/\/api.w.org\/{rel}","templated":true}]}}