{"id":15700,"date":"2024-05-16T18:44:29","date_gmt":"2024-05-16T16:44:29","guid":{"rendered":"https:\/\/ecointegral.fm360.es\/oportunidades-laborales\/"},"modified":"2025-03-13T12:19:59","modified_gmt":"2025-03-13T11:19:59","slug":"oferty-pracy","status":"publish","type":"page","link":"https:\/\/ecointegral.com\/pl\/oferty-pracy\/","title":{"rendered":"Oferty pracy"},"content":{"rendered":"\t\t<div data-elementor-type=\"wp-page\" data-elementor-id=\"15700\" class=\"elementor elementor-15700 elementor-15540\" data-elementor-post-type=\"page\">\n\t\t\t\t<div class=\"elementor-element elementor-element-a93bb1a e-con-full e-flex e-con e-parent\" data-id=\"a93bb1a\" data-element_type=\"container\" data-settings=\"{&quot;background_background&quot;:&quot;classic&quot;,&quot;_ob_glider_is_slider&quot;:&quot;no&quot;}\">\n\t\t\t\t<div class=\"elementor-element elementor-element-edda92a elementor-widget elementor-widget-heading\" data-id=\"edda92a\" data-element_type=\"widget\" data-widget_type=\"heading.default\">\n\t\t\t\t<div class=\"elementor-widget-container\">\n\t\t\t<style>\/*! elementor - v3.21.0 - 26-05-2024 *\/\n.elementor-heading-title{padding:0;margin:0;line-height:1}.elementor-widget-heading .elementor-heading-title[class*=elementor-size-]>a{color:inherit;font-size:inherit;line-height:inherit}.elementor-widget-heading .elementor-heading-title.elementor-size-small{font-size:15px}.elementor-widget-heading .elementor-heading-title.elementor-size-medium{font-size:19px}.elementor-widget-heading .elementor-heading-title.elementor-size-large{font-size:29px}.elementor-widget-heading .elementor-heading-title.elementor-size-xl{font-size:39px}.elementor-widget-heading .elementor-heading-title.elementor-size-xxl{font-size:59px}<\/style><h1 class=\"elementor-heading-title elementor-size-default\">Oferty pracy<\/h1>\t\t<\/div>\n\t\t\t\t<\/div>\n\t\t\t\t<\/div>\n\t\t<div class=\"elementor-element elementor-element-70b91e8 e-flex e-con-boxed e-con e-parent\" data-id=\"70b91e8\" data-element_type=\"container\" data-settings=\"{&quot;_ob_glider_is_slider&quot;:&quot;no&quot;}\">\n\t\t\t\t\t<div class=\"e-con-inner\">\n\t\t\t\t<div class=\"elementor-element elementor-element-70d9aa4 elementor-widget elementor-widget-jet-listing-grid\" data-id=\"70d9aa4\" data-element_type=\"widget\" data-settings=\"{&quot;columns&quot;:&quot;1&quot;}\" data-widget_type=\"jet-listing-grid.default\">\n\t\t\t\t<div class=\"elementor-widget-container\">\n\t\t\t<div class=\"jet-listing-grid jet-listing\"><div class=\"jet-listing-grid__items grid-col-desk-1 grid-col-tablet-1 grid-col-mobile-1 jet-listing-grid--15542\" data-queried-id=\"15700|WP_Post\" data-nav=\"{&quot;enabled&quot;:false,&quot;type&quot;:null,&quot;more_el&quot;:null,&quot;query&quot;:[],&quot;widget_settings&quot;:{&quot;lisitng_id&quot;:15542,&quot;posts_num&quot;:6,&quot;columns&quot;:1,&quot;columns_tablet&quot;:1,&quot;columns_mobile&quot;:1,&quot;is_archive_template&quot;:&quot;&quot;,&quot;post_status&quot;:[&quot;publish&quot;],&quot;use_random_posts_num&quot;:&quot;&quot;,&quot;max_posts_num&quot;:9,&quot;not_found_message&quot;:&quot;No data was found&quot;,&quot;is_masonry&quot;:false,&quot;equal_columns_height&quot;:&quot;&quot;,&quot;use_load_more&quot;:&quot;&quot;,&quot;load_more_id&quot;:&quot;&quot;,&quot;load_more_type&quot;:&quot;click&quot;,&quot;load_more_offset&quot;:{&quot;unit&quot;:&quot;px&quot;,&quot;size&quot;:0,&quot;sizes&quot;:[]},&quot;use_custom_post_types&quot;:&quot;&quot;,&quot;custom_post_types&quot;:[],&quot;hide_widget_if&quot;:&quot;&quot;,&quot;carousel_enabled&quot;:&quot;&quot;,&quot;slides_to_scroll&quot;:&quot;1&quot;,&quot;arrows&quot;:&quot;true&quot;,&quot;arrow_icon&quot;:&quot;fa fa-angle-left&quot;,&quot;dots&quot;:&quot;&quot;,&quot;autoplay&quot;:&quot;true&quot;,&quot;pause_on_hover&quot;:&quot;true&quot;,&quot;autoplay_speed&quot;:5000,&quot;infinite&quot;:&quot;true&quot;,&quot;center_mode&quot;:&quot;&quot;,&quot;effect&quot;:&quot;slide&quot;,&quot;speed&quot;:500,&quot;inject_alternative_items&quot;:&quot;&quot;,&quot;injection_items&quot;:[],&quot;scroll_slider_enabled&quot;:&quot;&quot;,&quot;scroll_slider_on&quot;:[&quot;desktop&quot;,&quot;tablet&quot;,&quot;mobile&quot;],&quot;custom_query&quot;:false,&quot;custom_query_id&quot;:&quot;&quot;,&quot;_element_id&quot;:&quot;&quot;}}\" data-page=\"1\" data-pages=\"1\" data-listing-source=\"posts\" data-listing-id=\"15542\" data-query-id=\"\"><div class=\"jet-listing-grid__item jet-listing-dynamic-post-15537\" data-post-id=\"15537\" >\t\t<div data-elementor-type=\"jet-listing-items\" data-elementor-id=\"15542\" class=\"elementor elementor-15542\" data-elementor-post-type=\"jet-engine\">\n\t\t\t\t<div class=\"elementor-element elementor-element-8fdc975 e-flex e-con-boxed e-con e-parent\" data-id=\"8fdc975\" data-element_type=\"container\" data-settings=\"{&quot;_ob_glider_is_slider&quot;:&quot;no&quot;}\">\n\t\t\t\t\t<div class=\"e-con-inner\">\n\t\t<div class=\"elementor-element elementor-element-6d8f225 e-con-full e-flex e-con e-child\" data-id=\"6d8f225\" data-element_type=\"container\" data-settings=\"{&quot;_ob_glider_is_slider&quot;:&quot;no&quot;}\">\n\t\t\t\t<div class=\"elementor-element elementor-element-f75f175 elementor-widget elementor-widget-heading\" data-id=\"f75f175\" data-element_type=\"widget\" data-widget_type=\"heading.default\">\n\t\t\t\t<div class=\"elementor-widget-container\">\n\t\t\t<p class=\"elementor-heading-title elementor-size-default\"><a href=\"https:\/\/ecointegral.com\/pl\/oportunidades\/tecnico-a-electricista\/\">T\u00c9CNICO\/A ELECTRICISTA<\/a><\/p>\t\t<\/div>\n\t\t\t\t<\/div>\n\t\t\t\t<\/div>\n\t\t<div class=\"elementor-element elementor-element-fa550e3 e-con-full e-flex e-con e-child\" data-id=\"fa550e3\" data-element_type=\"container\" data-settings=\"{&quot;_ob_glider_is_slider&quot;:&quot;no&quot;}\">\n\t\t\t\t<div class=\"elementor-element elementor-element-303df84 elementor-widget elementor-widget-jet-listing-dynamic-field\" data-id=\"303df84\" data-element_type=\"widget\" data-widget_type=\"jet-listing-dynamic-field.default\">\n\t\t\t\t<div class=\"elementor-widget-container\">\n\t\t\t<div class=\"jet-listing jet-listing-dynamic-field display-inline\"><div class=\"jet-listing-dynamic-field__inline-wrap\"><div class=\"jet-listing-dynamic-field__content\">Transporte y Distribuci\u00f3n El\u00e9ctrica, Zaragoza<\/div><\/div><\/div>\t\t<\/div>\n\t\t\t\t<\/div>\n\t\t\t\t<\/div>\n\t\t\t\t\t<\/div>\n\t\t\t\t<\/div>\n\t\t\t\t<\/div>\n\t\t<\/div><div class=\"jet-listing-grid__item jet-listing-dynamic-post-15536\" data-post-id=\"15536\" >\t\t<div data-elementor-type=\"jet-listing-items\" data-elementor-id=\"15542\" class=\"elementor elementor-15542\" data-elementor-post-type=\"jet-engine\">\n\t\t\t\t<div class=\"elementor-element elementor-element-8fdc975 e-flex e-con-boxed e-con e-parent\" data-id=\"8fdc975\" data-element_type=\"container\" data-settings=\"{&quot;_ob_glider_is_slider&quot;:&quot;no&quot;}\">\n\t\t\t\t\t<div class=\"e-con-inner\">\n\t\t<div class=\"elementor-element elementor-element-6d8f225 e-con-full e-flex e-con e-child\" data-id=\"6d8f225\" data-element_type=\"container\" data-settings=\"{&quot;_ob_glider_is_slider&quot;:&quot;no&quot;}\">\n\t\t\t\t<div class=\"elementor-element elementor-element-f75f175 elementor-widget elementor-widget-heading\" data-id=\"f75f175\" data-element_type=\"widget\" data-widget_type=\"heading.default\">\n\t\t\t\t<div class=\"elementor-widget-container\">\n\t\t\t<p class=\"elementor-heading-title elementor-size-default\"><a href=\"https:\/\/ecointegral.com\/pl\/oportunidades\/ingeniero-a-junior-proyectos-baja-media-tension\/\">INGENIERO\/A JUNIOR &#8211; PROYECTOS BAJA\/MEDIA TENSI\u00d3N<\/a><\/p>\t\t<\/div>\n\t\t\t\t<\/div>\n\t\t\t\t<\/div>\n\t\t<div class=\"elementor-element elementor-element-fa550e3 e-con-full e-flex e-con e-child\" data-id=\"fa550e3\" data-element_type=\"container\" data-settings=\"{&quot;_ob_glider_is_slider&quot;:&quot;no&quot;}\">\n\t\t\t\t<div class=\"elementor-element elementor-element-303df84 elementor-widget elementor-widget-jet-listing-dynamic-field\" data-id=\"303df84\" data-element_type=\"widget\" data-widget_type=\"jet-listing-dynamic-field.default\">\n\t\t\t\t<div class=\"elementor-widget-container\">\n\t\t\t<div class=\"jet-listing jet-listing-dynamic-field display-inline\"><div class=\"jet-listing-dynamic-field__inline-wrap\"><div class=\"jet-listing-dynamic-field__content\">Transporte y Distribuci\u00f3n El\u00e9ctrica, Remoto<\/div><\/div><\/div>\t\t<\/div>\n\t\t\t\t<\/div>\n\t\t\t\t<\/div>\n\t\t\t\t\t<\/div>\n\t\t\t\t<\/div>\n\t\t\t\t<\/div>\n\t\t<\/div><div class=\"jet-listing-grid__item jet-listing-dynamic-post-15535\" data-post-id=\"15535\" >\t\t<div data-elementor-type=\"jet-listing-items\" data-elementor-id=\"15542\" class=\"elementor elementor-15542\" data-elementor-post-type=\"jet-engine\">\n\t\t\t\t<div class=\"elementor-element elementor-element-8fdc975 e-flex e-con-boxed e-con e-parent\" data-id=\"8fdc975\" data-element_type=\"container\" data-settings=\"{&quot;_ob_glider_is_slider&quot;:&quot;no&quot;}\">\n\t\t\t\t\t<div class=\"e-con-inner\">\n\t\t<div class=\"elementor-element elementor-element-6d8f225 e-con-full e-flex e-con e-child\" data-id=\"6d8f225\" data-element_type=\"container\" data-settings=\"{&quot;_ob_glider_is_slider&quot;:&quot;no&quot;}\">\n\t\t\t\t<div class=\"elementor-element elementor-element-f75f175 elementor-widget elementor-widget-heading\" data-id=\"f75f175\" data-element_type=\"widget\" data-widget_type=\"heading.default\">\n\t\t\t\t<div class=\"elementor-widget-container\">\n\t\t\t<p class=\"elementor-heading-title elementor-size-default\"><a href=\"https:\/\/ecointegral.com\/pl\/oportunidades\/ingeniero-a-junior-proyectos-fotovoltaicos-eolicos\/\">INGENIERO\/A JUNIOR &#8211; PROYECTOS FOTOVOLTAICOS\/EOLICOS<\/a><\/p>\t\t<\/div>\n\t\t\t\t<\/div>\n\t\t\t\t<\/div>\n\t\t<div class=\"elementor-element elementor-element-fa550e3 e-con-full e-flex e-con e-child\" data-id=\"fa550e3\" data-element_type=\"container\" data-settings=\"{&quot;_ob_glider_is_slider&quot;:&quot;no&quot;}\">\n\t\t\t\t<div class=\"elementor-element elementor-element-303df84 elementor-widget elementor-widget-jet-listing-dynamic-field\" data-id=\"303df84\" data-element_type=\"widget\" data-widget_type=\"jet-listing-dynamic-field.default\">\n\t\t\t\t<div class=\"elementor-widget-container\">\n\t\t\t<div class=\"jet-listing jet-listing-dynamic-field display-inline\"><div class=\"jet-listing-dynamic-field__inline-wrap\"><div class=\"jet-listing-dynamic-field__content\">Energ\u00edas Renovables, Remoto<\/div><\/div><\/div>\t\t<\/div>\n\t\t\t\t<\/div>\n\t\t\t\t<\/div>\n\t\t\t\t\t<\/div>\n\t\t\t\t<\/div>\n\t\t\t\t<\/div>\n\t\t<\/div><div class=\"jet-listing-grid__item jet-listing-dynamic-post-15534\" data-post-id=\"15534\" >\t\t<div data-elementor-type=\"jet-listing-items\" data-elementor-id=\"15542\" class=\"elementor elementor-15542\" data-elementor-post-type=\"jet-engine\">\n\t\t\t\t<div class=\"elementor-element elementor-element-8fdc975 e-flex e-con-boxed e-con e-parent\" data-id=\"8fdc975\" data-element_type=\"container\" data-settings=\"{&quot;_ob_glider_is_slider&quot;:&quot;no&quot;}\">\n\t\t\t\t\t<div class=\"e-con-inner\">\n\t\t<div class=\"elementor-element elementor-element-6d8f225 e-con-full e-flex e-con e-child\" data-id=\"6d8f225\" data-element_type=\"container\" data-settings=\"{&quot;_ob_glider_is_slider&quot;:&quot;no&quot;}\">\n\t\t\t\t<div class=\"elementor-element elementor-element-f75f175 elementor-widget elementor-widget-heading\" data-id=\"f75f175\" data-element_type=\"widget\" data-widget_type=\"heading.default\">\n\t\t\t\t<div class=\"elementor-widget-container\">\n\t\t\t<p class=\"elementor-heading-title elementor-size-default\"><a href=\"https:\/\/ecointegral.com\/pl\/oportunidades\/ingeniero-a-junior-obra-civil\/\">INGENIERO\/A JUNIOR OBRA CIVIL<\/a><\/p>\t\t<\/div>\n\t\t\t\t<\/div>\n\t\t\t\t<\/div>\n\t\t<div class=\"elementor-element elementor-element-fa550e3 e-con-full e-flex e-con e-child\" data-id=\"fa550e3\" data-element_type=\"container\" data-settings=\"{&quot;_ob_glider_is_slider&quot;:&quot;no&quot;}\">\n\t\t\t\t<div class=\"elementor-element elementor-element-303df84 elementor-widget elementor-widget-jet-listing-dynamic-field\" data-id=\"303df84\" data-element_type=\"widget\" data-widget_type=\"jet-listing-dynamic-field.default\">\n\t\t\t\t<div class=\"elementor-widget-container\">\n\t\t\t<div class=\"jet-listing jet-listing-dynamic-field display-inline\"><div class=\"jet-listing-dynamic-field__inline-wrap\"><div class=\"jet-listing-dynamic-field__content\">Energ\u00edas Renovables, Remoto<\/div><\/div><\/div>\t\t<\/div>\n\t\t\t\t<\/div>\n\t\t\t\t<\/div>\n\t\t\t\t\t<\/div>\n\t\t\t\t<\/div>\n\t\t\t\t<\/div>\n\t\t<\/div><\/div><\/div>\t\t<\/div>\n\t\t\t\t<\/div>\n\t\t\t\t<div class=\"elementor-element elementor-element-4c4b901 elementor-align-center elementor-widget elementor-widget-button\" data-id=\"4c4b901\" data-element_type=\"widget\" data-widget_type=\"button.default\">\n\t\t\t\t<div class=\"elementor-widget-container\">\n\t\t\t\t\t<div class=\"elementor-button-wrapper\">\n\t\t\t<a class=\"elementor-button elementor-button-link elementor-size-sm\" href=\"https:\/\/ecointegral.com\/pl\/jest-czescia-naszego-zespolu\/\">\n\t\t\t\t\t\t<span class=\"elementor-button-content-wrapper\">\n\t\t\t\t\t\t\t\t\t<span class=\"elementor-button-text\">WY\u015aLIJ CV<\/span>\n\t\t\t\t\t<\/span>\n\t\t\t\t\t<\/a>\n\t\t<\/div>\n\t\t\t\t<\/div>\n\t\t\t\t<\/div>\n\t\t\t\t\t<\/div>\n\t\t\t\t<\/div>\n\t\t\t\t<\/div>\n\t\t","protected":false},"excerpt":{"rendered":"<p>Oferty pracy Transporte y Distribuci\u00f3n El\u00e9ctrica, Zaragoza Transporte y Distribuci\u00f3n El\u00e9ctrica, Remoto Energ\u00edas Renovables, Remoto Energ\u00edas Renovables, Remoto WY\u015aLIJ CV<\/p>\n","protected":false},"author":1,"featured_media":0,"parent":0,"menu_order":0,"comment_status":"closed","ping_status":"closed","template":"","meta":{"footnotes":""},"yoast_head":"<!-- This site is optimized with the Yoast SEO plugin v22.8 - https:\/\/yoast.com\/wordpress\/plugins\/seo\/ -->\n<title>Oferty pracy - Ecointegral<\/title>\n<meta name=\"robots\" content=\"index, follow, max-snippet:-1, max-image-preview:large, max-video-preview:-1\" \/>\n<link rel=\"canonical\" href=\"https:\/\/ecointegral.com\/pl\/oferty-pracy\/\" \/>\n<meta property=\"og:locale\" content=\"pl_PL\" \/>\n<meta property=\"og:type\" content=\"article\" \/>\n<meta property=\"og:title\" content=\"Oferty pracy - Ecointegral\" \/>\n<meta property=\"og:description\" content=\"Oferty pracy Transporte y Distribuci\u00f3n El\u00e9ctrica, Zaragoza Transporte y Distribuci\u00f3n El\u00e9ctrica, Remoto Energ\u00edas Renovables, Remoto Energ\u00edas Renovables, Remoto WY\u015aLIJ CV\" \/>\n<meta property=\"og:url\" content=\"https:\/\/ecointegral.com\/pl\/oferty-pracy\/\" \/>\n<meta property=\"og:site_name\" content=\"Ecointegral\" \/>\n<meta property=\"article:modified_time\" content=\"2025-03-13T11:19:59+00:00\" \/>\n<meta name=\"twitter:card\" content=\"summary_large_image\" \/>\n<meta name=\"twitter:label1\" content=\"Szacowany czas czytania\" \/>\n\t<meta name=\"twitter:data1\" content=\"1 minuta\" \/>\n<script type=\"application\/ld+json\" class=\"yoast-schema-graph\">{\"@context\":\"https:\/\/schema.org\",\"@graph\":[{\"@type\":\"WebPage\",\"@id\":\"https:\/\/ecointegral.com\/pl\/oferty-pracy\/\",\"url\":\"https:\/\/ecointegral.com\/pl\/oferty-pracy\/\",\"name\":\"Oferty pracy - Ecointegral\",\"isPartOf\":{\"@id\":\"https:\/\/ecointegral.com\/#website\"},\"datePublished\":\"2024-05-16T16:44:29+00:00\",\"dateModified\":\"2025-03-13T11:19:59+00:00\",\"breadcrumb\":{\"@id\":\"https:\/\/ecointegral.com\/pl\/oferty-pracy\/#breadcrumb\"},\"inLanguage\":\"pl-PL\",\"potentialAction\":[{\"@type\":\"ReadAction\",\"target\":[\"https:\/\/ecointegral.com\/pl\/oferty-pracy\/\"]}]},{\"@type\":\"BreadcrumbList\",\"@id\":\"https:\/\/ecointegral.com\/pl\/oferty-pracy\/#breadcrumb\",\"itemListElement\":[{\"@type\":\"ListItem\",\"position\":1,\"name\":\"Portada\",\"item\":\"https:\/\/ecointegral.com\/pl\/\"},{\"@type\":\"ListItem\",\"position\":2,\"name\":\"Oferty pracy\"}]},{\"@type\":\"WebSite\",\"@id\":\"https:\/\/ecointegral.com\/#website\",\"url\":\"https:\/\/ecointegral.com\/\",\"name\":\"Ecointegral\",\"description\":\"\",\"publisher\":{\"@id\":\"https:\/\/ecointegral.com\/#organization\"},\"potentialAction\":[{\"@type\":\"SearchAction\",\"target\":{\"@type\":\"EntryPoint\",\"urlTemplate\":\"https:\/\/ecointegral.com\/?s={search_term_string}\"},\"query-input\":\"required name=search_term_string\"}],\"inLanguage\":\"pl-PL\"},{\"@type\":\"Organization\",\"@id\":\"https:\/\/ecointegral.com\/#organization\",\"name\":\"Ecointegral\",\"url\":\"https:\/\/ecointegral.com\/\",\"logo\":{\"@type\":\"ImageObject\",\"inLanguage\":\"pl-PL\",\"@id\":\"https:\/\/ecointegral.com\/#\/schema\/logo\/image\/\",\"url\":\"https:\/\/ecointegral.com\/wp-content\/uploads\/2024\/04\/image001.png\",\"contentUrl\":\"https:\/\/ecointegral.com\/wp-content\/uploads\/2024\/04\/image001.png\",\"width\":357,\"height\":99,\"caption\":\"Ecointegral\"},\"image\":{\"@id\":\"https:\/\/ecointegral.com\/#\/schema\/logo\/image\/\"}}]}<\/script>\n<!-- \/ Yoast SEO plugin. -->","yoast_head_json":{"title":"Oferty pracy - Ecointegral","robots":{"index":"index","follow":"follow","max-snippet":"max-snippet:-1","max-image-preview":"max-image-preview:large","max-video-preview":"max-video-preview:-1"},"canonical":"https:\/\/ecointegral.com\/pl\/oferty-pracy\/","og_locale":"pl_PL","og_type":"article","og_title":"Oferty pracy - Ecointegral","og_description":"Oferty pracy Transporte y Distribuci\u00f3n El\u00e9ctrica, Zaragoza Transporte y Distribuci\u00f3n El\u00e9ctrica, Remoto Energ\u00edas Renovables, Remoto Energ\u00edas Renovables, Remoto WY\u015aLIJ CV","og_url":"https:\/\/ecointegral.com\/pl\/oferty-pracy\/","og_site_name":"Ecointegral","article_modified_time":"2025-03-13T11:19:59+00:00","twitter_card":"summary_large_image","twitter_misc":{"Szacowany czas czytania":"1 minuta"},"schema":{"@context":"https:\/\/schema.org","@graph":[{"@type":"WebPage","@id":"https:\/\/ecointegral.com\/pl\/oferty-pracy\/","url":"https:\/\/ecointegral.com\/pl\/oferty-pracy\/","name":"Oferty pracy - Ecointegral","isPartOf":{"@id":"https:\/\/ecointegral.com\/#website"},"datePublished":"2024-05-16T16:44:29+00:00","dateModified":"2025-03-13T11:19:59+00:00","breadcrumb":{"@id":"https:\/\/ecointegral.com\/pl\/oferty-pracy\/#breadcrumb"},"inLanguage":"pl-PL","potentialAction":[{"@type":"ReadAction","target":["https:\/\/ecointegral.com\/pl\/oferty-pracy\/"]}]},{"@type":"BreadcrumbList","@id":"https:\/\/ecointegral.com\/pl\/oferty-pracy\/#breadcrumb","itemListElement":[{"@type":"ListItem","position":1,"name":"Portada","item":"https:\/\/ecointegral.com\/pl\/"},{"@type":"ListItem","position":2,"name":"Oferty pracy"}]},{"@type":"WebSite","@id":"https:\/\/ecointegral.com\/#website","url":"https:\/\/ecointegral.com\/","name":"Ecointegral","description":"","publisher":{"@id":"https:\/\/ecointegral.com\/#organization"},"potentialAction":[{"@type":"SearchAction","target":{"@type":"EntryPoint","urlTemplate":"https:\/\/ecointegral.com\/?s={search_term_string}"},"query-input":"required name=search_term_string"}],"inLanguage":"pl-PL"},{"@type":"Organization","@id":"https:\/\/ecointegral.com\/#organization","name":"Ecointegral","url":"https:\/\/ecointegral.com\/","logo":{"@type":"ImageObject","inLanguage":"pl-PL","@id":"https:\/\/ecointegral.com\/#\/schema\/logo\/image\/","url":"https:\/\/ecointegral.com\/wp-content\/uploads\/2024\/04\/image001.png","contentUrl":"https:\/\/ecointegral.com\/wp-content\/uploads\/2024\/04\/image001.png","width":357,"height":99,"caption":"Ecointegral"},"image":{"@id":"https:\/\/ecointegral.com\/#\/schema\/logo\/image\/"}}]}},"_links":{"self":[{"href":"https:\/\/ecointegral.com\/pl\/wp-json\/wp\/v2\/pages\/15700"}],"collection":[{"href":"https:\/\/ecointegral.com\/pl\/wp-json\/wp\/v2\/pages"}],"about":[{"href":"https:\/\/ecointegral.com\/pl\/wp-json\/wp\/v2\/types\/page"}],"author":[{"embeddable":true,"href":"https:\/\/ecointegral.com\/pl\/wp-json\/wp\/v2\/users\/1"}],"replies":[{"embeddable":true,"href":"https:\/\/ecointegral.com\/pl\/wp-json\/wp\/v2\/comments?post=15700"}],"version-history":[{"count":3,"href":"https:\/\/ecointegral.com\/pl\/wp-json\/wp\/v2\/pages\/15700\/revisions"}],"predecessor-version":[{"id":16857,"href":"https:\/\/ecointegral.com\/pl\/wp-json\/wp\/v2\/pages\/15700\/revisions\/16857"}],"wp:attachment":[{"href":"https:\/\/ecointegral.com\/pl\/wp-json\/wp\/v2\/media?parent=15700"}],"curies":[{"name":"wp","href":"https:\/\/api.w.org\/{rel}","templated":true}]}}