{"id":15751,"date":"2024-05-16T17:56:35","date_gmt":"2024-05-16T15:56:35","guid":{"rendered":"https:\/\/ecointegral.fm360.es\/ingenieria-electrica\/"},"modified":"2024-06-11T14:45:32","modified_gmt":"2024-06-11T12:45:32","slug":"elektrotechnika","status":"publish","type":"page","link":"https:\/\/ecointegral.com\/pl\/elektrotechnika\/","title":{"rendered":"Elektrotechnika"},"content":{"rendered":"\t\t<div data-elementor-type=\"wp-page\" data-elementor-id=\"15751\" class=\"elementor elementor-15751 elementor-15518\" data-elementor-post-type=\"page\">\n\t\t\t\t<div class=\"elementor-element elementor-element-a93bb1a e-con-full e-flex e-con e-parent\" data-id=\"a93bb1a\" data-element_type=\"container\" data-settings=\"{&quot;background_background&quot;:&quot;classic&quot;,&quot;_ob_glider_is_slider&quot;:&quot;no&quot;}\">\n\t\t\t\t<div class=\"elementor-element elementor-element-edda92a elementor-widget elementor-widget-heading\" data-id=\"edda92a\" data-element_type=\"widget\" data-widget_type=\"heading.default\">\n\t\t\t\t<div class=\"elementor-widget-container\">\n\t\t\t<style>\/*! elementor - v3.21.0 - 26-05-2024 *\/\n.elementor-heading-title{padding:0;margin:0;line-height:1}.elementor-widget-heading .elementor-heading-title[class*=elementor-size-]>a{color:inherit;font-size:inherit;line-height:inherit}.elementor-widget-heading .elementor-heading-title.elementor-size-small{font-size:15px}.elementor-widget-heading .elementor-heading-title.elementor-size-medium{font-size:19px}.elementor-widget-heading .elementor-heading-title.elementor-size-large{font-size:29px}.elementor-widget-heading .elementor-heading-title.elementor-size-xl{font-size:39px}.elementor-widget-heading .elementor-heading-title.elementor-size-xxl{font-size:59px}<\/style><h1 class=\"elementor-heading-title elementor-size-default\">Elektrotechnika<\/h1>\t\t<\/div>\n\t\t\t\t<\/div>\n\t\t\t\t<\/div>\n\t\t<div class=\"elementor-element elementor-element-70b91e8 e-flex e-con-boxed e-con e-parent\" data-id=\"70b91e8\" data-element_type=\"container\" data-settings=\"{&quot;_ob_glider_is_slider&quot;:&quot;no&quot;}\">\n\t\t\t\t\t<div class=\"e-con-inner\">\n\t\t\t\t<div class=\"elementor-element elementor-element-391436c elementor-widget elementor-widget-heading\" data-id=\"391436c\" data-element_type=\"widget\" data-widget_type=\"heading.default\">\n\t\t\t\t<div class=\"elementor-widget-container\">\n\t\t\t<p class=\"elementor-heading-title elementor-size-default\">PODSTACJE<\/p>\t\t<\/div>\n\t\t\t\t<\/div>\n\t\t<div class=\"elementor-element elementor-element-5c1c1f3 e-con-full e-flex e-con e-child\" data-id=\"5c1c1f3\" data-element_type=\"container\" data-settings=\"{&quot;_ob_glider_is_slider&quot;:&quot;no&quot;}\">\n\t\t<div class=\"elementor-element elementor-element-2d06744 e-con-full e-flex e-con e-child\" data-id=\"2d06744\" data-element_type=\"container\" data-settings=\"{&quot;_ob_glider_is_slider&quot;:&quot;no&quot;}\">\n\t\t\t\t<div class=\"elementor-element elementor-element-78ff5a5 elementor-widget elementor-widget-text-editor\" data-id=\"78ff5a5\" data-element_type=\"widget\" data-widget_type=\"text-editor.default\">\n\t\t\t\t<div class=\"elementor-widget-container\">\n\t\t\t<style>\/*! elementor - v3.21.0 - 26-05-2024 *\/\n.elementor-widget-text-editor.elementor-drop-cap-view-stacked .elementor-drop-cap{background-color:#69727d;color:#fff}.elementor-widget-text-editor.elementor-drop-cap-view-framed .elementor-drop-cap{color:#69727d;border:3px solid;background-color:transparent}.elementor-widget-text-editor:not(.elementor-drop-cap-view-default) .elementor-drop-cap{margin-top:8px}.elementor-widget-text-editor:not(.elementor-drop-cap-view-default) .elementor-drop-cap-letter{width:1em;height:1em}.elementor-widget-text-editor .elementor-drop-cap{float:left;text-align:center;line-height:1;font-size:50px}.elementor-widget-text-editor .elementor-drop-cap-letter{display:inline-block}<\/style>\t\t\t\t<ul><li>Wyszukiwanie lokalizacji i wcze\u015bniejsze studia wykonalno\u015bci mo\u017cliwych lokalizacji.<\/li><li>Zarz\u0105dzanie techniczne i dokumentacyjne przy projektowaniu projekt\u00f3w i projekt\u00f3w wst\u0119pnych stacji przesy\u0142owych i dystrybucyjnych.<\/li><li>Zarz\u0105dzanie i pozyskiwanie wzajemnych porozumie\u0144 dla grunt\u00f3w obj\u0119tych zar\u00f3wno urz\u0105dzeniami wytw\u00f3rczymi, jak i ewakuacyjnymi.<\/li><li>Wst\u0119pne raporty techniczne i \u015brodowiskowe na potrzeby wcze\u015bniejszych konsultacji i bada\u0144 rozwi\u0105za\u0144 alternatywnych.<\/li><li>Projektowanie podstawowe i wykonawcze stacji elektroenergetycznych \u015bredniego i wysokiego napi\u0119cia izolowanych powietrzem, hybrydowych lub GIS w specjalno\u015bciach Elektromechanika, Elektrotechnika oraz Zabezpieczenia i Sterowanie.<\/li><li>Specjalistyczne badania elektryczne, takie jak przep\u0142yw \u0142adunku, zwarcie, koordynacja zabezpiecze\u0144.<\/li><li>In\u017cynieria nieruchomo\u015bci z doradztwem w zakresie proces\u00f3w przetargowych i budowlanych.<\/li><li>Porada finansowa<\/li><li>Kierownictwo budowy.<\/li><li>Zarz\u0105dzanie projektami budowlanymi.<\/li><li>Uruchomienie<\/li><li>Audyty i monitorowanie jako\u015bci w okresie gwarancyjnym.<\/li><li>Dokumentacja i przetwarzanie dotycz\u0105ce demonta\u017cu infrastruktury ewakuacyjnej.<\/li><li>In\u017cynieria rozwoju repoweringu istniej\u0105cych obiekt\u00f3w<\/li><li>Badania rozbudowy istniej\u0105cych podstacji<\/li><li>Modelowanie podstacji w technologii BIM<\/li><\/ul>\t\t\t\t\t\t<\/div>\n\t\t\t\t<\/div>\n\t\t\t\t<\/div>\n\t\t<div class=\"elementor-element elementor-element-0da26d1 e-con-full e-flex e-con e-child\" data-id=\"0da26d1\" data-element_type=\"container\" data-settings=\"{&quot;_ob_glider_is_slider&quot;:&quot;no&quot;}\">\n\t\t\t\t<div class=\"elementor-element elementor-element-8178d1d elementor-widget elementor-widget-image\" data-id=\"8178d1d\" data-element_type=\"widget\" data-widget_type=\"image.default\">\n\t\t\t\t<div class=\"elementor-widget-container\">\n\t\t\t<style>\/*! elementor - v3.21.0 - 26-05-2024 *\/\n.elementor-widget-image{text-align:center}.elementor-widget-image a{display:inline-block}.elementor-widget-image a img[src$=\".svg\"]{width:48px}.elementor-widget-image img{vertical-align:middle;display:inline-block}<\/style>\t\t\t\t\t\t\t\t\t\t<img fetchpriority=\"high\" decoding=\"async\" width=\"800\" height=\"754\" src=\"https:\/\/ecointegral.com\/wp-content\/uploads\/2024\/05\/SUBESTACIONES-1024x965.webp\" class=\"attachment-large size-large wp-image-15614\" alt=\"\" srcset=\"https:\/\/ecointegral.com\/wp-content\/uploads\/2024\/05\/SUBESTACIONES-1024x965.webp 1024w, https:\/\/ecointegral.com\/wp-content\/uploads\/2024\/05\/SUBESTACIONES-300x283.webp 300w, https:\/\/ecointegral.com\/wp-content\/uploads\/2024\/05\/SUBESTACIONES-768x723.webp 768w, https:\/\/ecointegral.com\/wp-content\/uploads\/2024\/05\/SUBESTACIONES.webp 1328w\" sizes=\"(max-width: 800px) 100vw, 800px\" \/>\t\t\t\t\t\t\t\t\t\t\t\t\t<\/div>\n\t\t\t\t<\/div>\n\t\t\t\t<\/div>\n\t\t\t\t<\/div>\n\t\t\t\t<div class=\"elementor-element elementor-element-245d1b0 elementor-widget elementor-widget-heading\" data-id=\"245d1b0\" data-element_type=\"widget\" data-widget_type=\"heading.default\">\n\t\t\t\t<div class=\"elementor-widget-container\">\n\t\t\t<p class=\"elementor-heading-title elementor-size-default\">LINIE ENERGETYCZNE<\/p>\t\t<\/div>\n\t\t\t\t<\/div>\n\t\t<div class=\"elementor-element elementor-element-8468940 e-con-full e-flex e-con e-child\" data-id=\"8468940\" data-element_type=\"container\" data-settings=\"{&quot;_ob_glider_is_slider&quot;:&quot;no&quot;}\">\n\t\t<div class=\"elementor-element elementor-element-2320141 e-con-full e-flex e-con e-child\" data-id=\"2320141\" data-element_type=\"container\" data-settings=\"{&quot;_ob_glider_is_slider&quot;:&quot;no&quot;}\">\n\t\t\t\t<div class=\"elementor-element elementor-element-4d961eb elementor-widget elementor-widget-image\" data-id=\"4d961eb\" data-element_type=\"widget\" data-widget_type=\"image.default\">\n\t\t\t\t<div class=\"elementor-widget-container\">\n\t\t\t\t\t\t\t\t\t\t\t\t\t<img decoding=\"async\" width=\"800\" height=\"754\" src=\"https:\/\/ecointegral.com\/wp-content\/uploads\/2024\/05\/LINEAS-ELECTRICAS-1024x965.webp\" class=\"attachment-large size-large wp-image-15611\" alt=\"\" srcset=\"https:\/\/ecointegral.com\/wp-content\/uploads\/2024\/05\/LINEAS-ELECTRICAS-1024x965.webp 1024w, https:\/\/ecointegral.com\/wp-content\/uploads\/2024\/05\/LINEAS-ELECTRICAS-300x283.webp 300w, https:\/\/ecointegral.com\/wp-content\/uploads\/2024\/05\/LINEAS-ELECTRICAS-768x723.webp 768w, https:\/\/ecointegral.com\/wp-content\/uploads\/2024\/05\/LINEAS-ELECTRICAS.webp 1328w\" sizes=\"(max-width: 800px) 100vw, 800px\" \/>\t\t\t\t\t\t\t\t\t\t\t\t\t<\/div>\n\t\t\t\t<\/div>\n\t\t\t\t<\/div>\n\t\t<div class=\"elementor-element elementor-element-1feca78 e-con-full e-flex e-con e-child\" data-id=\"1feca78\" data-element_type=\"container\" data-settings=\"{&quot;_ob_glider_is_slider&quot;:&quot;no&quot;}\">\n\t\t\t\t<div class=\"elementor-element elementor-element-364ae75 elementor-widget elementor-widget-text-editor\" data-id=\"364ae75\" data-element_type=\"widget\" data-widget_type=\"text-editor.default\">\n\t\t\t\t<div class=\"elementor-widget-container\">\n\t\t\t\t\t\t\t<ul><li>Poszukiwanie lokalizacji i wcze\u015bniejszych studi\u00f3w wykonalno\u015bci ewentualnych linii wysokiego i \u015bredniego napi\u0119cia<\/li><li>Zarz\u0105dzanie techniczne i dokumentacyjne w trakcie ca\u0142ej procedury sk\u0142adania wniosk\u00f3w o dost\u0119p i przy\u0142\u0105czenie, zar\u00f3wno w sieci transportowej, jak i dystrybucyjnej<\/li><li>Zarz\u0105dzanie i pozyskiwanie wzajemnych porozumie\u0144 dla grunt\u00f3w obj\u0119tych zar\u00f3wno urz\u0105dzeniami wytw\u00f3rczymi, jak i ewakuacyjnymi.<\/li><li>Wst\u0119pne raporty techniczne i \u015brodowiskowe na potrzeby wcze\u015bniejszych konsultacji i bada\u0144 rozwi\u0105za\u0144 alternatywnych<\/li><li>Projektowanie podstawowe i szczeg\u00f3\u0142owe linii napowietrznych i podziemnych \u015bredniego i wysokiego napi\u0119cia.<\/li><li>Modelowanie napowietrznych linii elektroenergetycznych w programie PLS-CADD<\/li><li>Analiza napr\u0119\u017ce\u0144 mechanicznych w konstrukcjach za pomoc\u0105 PLS-TOWER<\/li><li>Wykonywanie oblicze\u0144 przepustowo\u015bci linii metra przy pomocy specjalistycznego oprogramowania<\/li><li>Wdro\u017cenia i poprawy wynik\u00f3w za pomoc\u0105 specjalistycznego oprogramowania<\/li><li>In\u017cynieria nieruchomo\u015bci z doradztwem w zakresie proces\u00f3w przetargowych i budowlanych.<\/li><li>Porada finansowa<\/li><li>Kierownictwo budowy.<\/li><li>Zarz\u0105dzanie projektami budowlanymi.<\/li><li>Uruchomienie<\/li><li>Audyty i monitorowanie jako\u015bci w okresie gwarancyjnym<\/li><li>Zarz\u0105dzanie i doradztwo, zar\u00f3wno ubezpieczeniowe, jak i O&amp;M<\/li><li>Zarz\u0105dzanie i zarz\u0105dzanie techniczne w trakcie eksploatacji<\/li><li>Dokumentacja i przetwarzanie do demonta\u017cu<\/li><li>In\u017cynieria rozwoju repoweringu istniej\u0105cych obiekt\u00f3w<\/li><\/ul>\t\t\t\t\t\t<\/div>\n\t\t\t\t<\/div>\n\t\t\t\t<\/div>\n\t\t\t\t<\/div>\n\t\t\t\t\t<\/div>\n\t\t\t\t<\/div>\n\t\t<div class=\"elementor-element elementor-element-6614801 e-con-full e-flex e-con e-parent\" data-id=\"6614801\" data-element_type=\"container\" data-settings=\"{&quot;_ob_glider_is_slider&quot;:&quot;no&quot;}\">\n\t\t\t\t<div class=\"elementor-element elementor-element-47ca566 elementor-widget elementor-widget-heading\" data-id=\"47ca566\" data-element_type=\"widget\" data-widget_type=\"heading.default\">\n\t\t\t\t<div class=\"elementor-widget-container\">\n\t\t\t<p class=\"elementor-heading-title elementor-size-default\">Projekty<\/p>\t\t<\/div>\n\t\t\t\t<\/div>\n\t\t\t\t<div class=\"elementor-element elementor-element-c6dcc9c elementor-widget elementor-widget-jet-listing-grid\" data-id=\"c6dcc9c\" data-element_type=\"widget\" data-settings=\"{&quot;columns&quot;:&quot;4&quot;,&quot;columns_tablet&quot;:&quot;2&quot;,&quot;columns_mobile&quot;:&quot;1&quot;}\" data-widget_type=\"jet-listing-grid.default\">\n\t\t\t\t<div class=\"elementor-widget-container\">\n\t\t\t<div class=\"jet-listing-grid jet-listing\"><div class=\"jet-listing-not-found jet-listing-grid__items\" data-nav=\"{&quot;enabled&quot;:false,&quot;type&quot;:null,&quot;more_el&quot;:null,&quot;query&quot;:[],&quot;widget_settings&quot;:{&quot;lisitng_id&quot;:15378,&quot;posts_num&quot;:4,&quot;columns&quot;:4,&quot;columns_tablet&quot;:2,&quot;columns_mobile&quot;:1,&quot;is_archive_template&quot;:&quot;&quot;,&quot;post_status&quot;:[&quot;publish&quot;],&quot;use_random_posts_num&quot;:&quot;&quot;,&quot;max_posts_num&quot;:9,&quot;not_found_message&quot;:&quot;No hay proyectos&quot;,&quot;is_masonry&quot;:false,&quot;equal_columns_height&quot;:&quot;&quot;,&quot;use_load_more&quot;:&quot;&quot;,&quot;load_more_id&quot;:&quot;&quot;,&quot;load_more_type&quot;:&quot;click&quot;,&quot;load_more_offset&quot;:{&quot;unit&quot;:&quot;px&quot;,&quot;size&quot;:0,&quot;sizes&quot;:[]},&quot;use_custom_post_types&quot;:&quot;&quot;,&quot;custom_post_types&quot;:[],&quot;hide_widget_if&quot;:&quot;&quot;,&quot;carousel_enabled&quot;:&quot;&quot;,&quot;slides_to_scroll&quot;:&quot;1&quot;,&quot;arrows&quot;:&quot;true&quot;,&quot;arrow_icon&quot;:&quot;fa fa-angle-left&quot;,&quot;dots&quot;:&quot;&quot;,&quot;autoplay&quot;:&quot;true&quot;,&quot;pause_on_hover&quot;:&quot;true&quot;,&quot;autoplay_speed&quot;:5000,&quot;infinite&quot;:&quot;true&quot;,&quot;center_mode&quot;:&quot;&quot;,&quot;effect&quot;:&quot;slide&quot;,&quot;speed&quot;:500,&quot;inject_alternative_items&quot;:&quot;&quot;,&quot;injection_items&quot;:[],&quot;scroll_slider_enabled&quot;:&quot;&quot;,&quot;scroll_slider_on&quot;:[&quot;desktop&quot;,&quot;tablet&quot;,&quot;mobile&quot;],&quot;custom_query&quot;:false,&quot;custom_query_id&quot;:&quot;&quot;,&quot;_element_id&quot;:&quot;&quot;}}\" data-queried-id=\"15751|WP_Post\">No hay proyectos<\/div><\/div>\t\t<\/div>\n\t\t\t\t<\/div>\n\t\t\t\t<div class=\"elementor-element elementor-element-c66673d elementor-align-center elementor-widget elementor-widget-button\" data-id=\"c66673d\" data-element_type=\"widget\" data-widget_type=\"button.default\">\n\t\t\t\t<div class=\"elementor-widget-container\">\n\t\t\t\t\t<div class=\"elementor-button-wrapper\">\n\t\t\t<a class=\"elementor-button elementor-button-link elementor-size-sm\" href=\"https:\/\/ecointegral.com\/pl\/ht_portfolios_cat\/fotovoltaica\/\">\n\t\t\t\t\t\t<span class=\"elementor-button-content-wrapper\">\n\t\t\t\t\t\t\t\t\t<span class=\"elementor-button-text\">ZOBACZ WI\u0118CEJ<\/span>\n\t\t\t\t\t<\/span>\n\t\t\t\t\t<\/a>\n\t\t<\/div>\n\t\t\t\t<\/div>\n\t\t\t\t<\/div>\n\t\t\t\t<\/div>\n\t\t<div class=\"elementor-element elementor-element-d92fbdf e-flex e-con-boxed e-con e-parent\" data-id=\"d92fbdf\" data-element_type=\"container\" data-settings=\"{&quot;background_background&quot;:&quot;classic&quot;,&quot;_ob_glider_is_slider&quot;:&quot;no&quot;}\">\n\t\t\t\t\t<div class=\"e-con-inner\">\n\t\t\t\t<div class=\"elementor-element elementor-element-3deb1fa elementor-widget elementor-widget-heading\" data-id=\"3deb1fa\" data-element_type=\"widget\" data-widget_type=\"heading.default\">\n\t\t\t\t<div class=\"elementor-widget-container\">\n\t\t\t<p class=\"elementor-heading-title elementor-size-default\">MO\u017bESZ TE\u017b ZAPOZNA\u0106 SI\u0118 Z HISTORI\u0104 NASZYCH PROJEKT\u00d3W<\/p>\t\t<\/div>\n\t\t\t\t<\/div>\n\t\t\t\t<div class=\"elementor-element elementor-element-7581f12 elementor-align-center elementor-widget elementor-widget-button\" data-id=\"7581f12\" data-element_type=\"widget\" data-widget_type=\"button.default\">\n\t\t\t\t<div class=\"elementor-widget-container\">\n\t\t\t\t\t<div class=\"elementor-button-wrapper\">\n\t\t\t<a class=\"elementor-button elementor-button-link elementor-size-sm\" href=\"https:\/\/ecointegral.com\/pl\/referencias-electrica-pl-2\/\">\n\t\t\t\t\t\t<span class=\"elementor-button-content-wrapper\">\n\t\t\t\t\t\t\t\t\t<span class=\"elementor-button-text\">Sp\u00f3jrz tutaj<\/span>\n\t\t\t\t\t<\/span>\n\t\t\t\t\t<\/a>\n\t\t<\/div>\n\t\t\t\t<\/div>\n\t\t\t\t<\/div>\n\t\t\t\t\t<\/div>\n\t\t\t\t<\/div>\n\t\t\t\t<\/div>\n\t\t","protected":false},"excerpt":{"rendered":"<p>Elektrotechnika PODSTACJE Wyszukiwanie lokalizacji i wcze\u015bniejsze studia wykonalno\u015bci mo\u017cliwych lokalizacji. Zarz\u0105dzanie techniczne i dokumentacyjne przy projektowaniu projekt\u00f3w i projekt\u00f3w wst\u0119pnych stacji przesy\u0142owych i dystrybucyjnych. Zarz\u0105dzanie i pozyskiwanie wzajemnych porozumie\u0144 dla grunt\u00f3w obj\u0119tych zar\u00f3wno urz\u0105dzeniami wytw\u00f3rczymi, jak i ewakuacyjnymi. Wst\u0119pne raporty techniczne i \u015brodowiskowe na potrzeby wcze\u015bniejszych konsultacji i bada\u0144 rozwi\u0105za\u0144 alternatywnych. Projektowanie podstawowe i wykonawcze [&hellip;]<\/p>\n","protected":false},"author":1,"featured_media":0,"parent":0,"menu_order":0,"comment_status":"closed","ping_status":"closed","template":"","meta":{"footnotes":""},"yoast_head":"<!-- This site is optimized with the Yoast SEO plugin v22.8 - https:\/\/yoast.com\/wordpress\/plugins\/seo\/ -->\n<title>Elektrotechnika - Ecointegral<\/title>\n<meta name=\"robots\" content=\"index, follow, max-snippet:-1, max-image-preview:large, max-video-preview:-1\" \/>\n<link rel=\"canonical\" href=\"https:\/\/ecointegral.com\/pl\/elektrotechnika\/\" \/>\n<meta property=\"og:locale\" content=\"pl_PL\" \/>\n<meta property=\"og:type\" content=\"article\" \/>\n<meta property=\"og:title\" content=\"Elektrotechnika - Ecointegral\" \/>\n<meta property=\"og:description\" content=\"Elektrotechnika PODSTACJE Wyszukiwanie lokalizacji i wcze\u015bniejsze studia wykonalno\u015bci mo\u017cliwych lokalizacji. Zarz\u0105dzanie techniczne i dokumentacyjne przy projektowaniu projekt\u00f3w i projekt\u00f3w wst\u0119pnych stacji przesy\u0142owych i dystrybucyjnych. Zarz\u0105dzanie i pozyskiwanie wzajemnych porozumie\u0144 dla grunt\u00f3w obj\u0119tych zar\u00f3wno urz\u0105dzeniami wytw\u00f3rczymi, jak i ewakuacyjnymi. Wst\u0119pne raporty techniczne i \u015brodowiskowe na potrzeby wcze\u015bniejszych konsultacji i bada\u0144 rozwi\u0105za\u0144 alternatywnych. Projektowanie podstawowe i wykonawcze [&hellip;]\" \/>\n<meta property=\"og:url\" content=\"https:\/\/ecointegral.com\/pl\/elektrotechnika\/\" \/>\n<meta property=\"og:site_name\" content=\"Ecointegral\" \/>\n<meta property=\"article:modified_time\" content=\"2024-06-11T12:45:32+00:00\" \/>\n<meta property=\"og:image\" content=\"https:\/\/ecointegral.com\/wp-content\/uploads\/2024\/05\/SUBESTACIONES-1024x965.webp\" \/>\n<meta name=\"twitter:card\" content=\"summary_large_image\" \/>\n<meta name=\"twitter:label1\" content=\"Szacowany czas czytania\" \/>\n\t<meta name=\"twitter:data1\" content=\"3 minuty\" \/>\n<script type=\"application\/ld+json\" class=\"yoast-schema-graph\">{\"@context\":\"https:\/\/schema.org\",\"@graph\":[{\"@type\":\"WebPage\",\"@id\":\"https:\/\/ecointegral.com\/pl\/elektrotechnika\/\",\"url\":\"https:\/\/ecointegral.com\/pl\/elektrotechnika\/\",\"name\":\"Elektrotechnika - Ecointegral\",\"isPartOf\":{\"@id\":\"https:\/\/ecointegral.com\/#website\"},\"primaryImageOfPage\":{\"@id\":\"https:\/\/ecointegral.com\/pl\/elektrotechnika\/#primaryimage\"},\"image\":{\"@id\":\"https:\/\/ecointegral.com\/pl\/elektrotechnika\/#primaryimage\"},\"thumbnailUrl\":\"https:\/\/ecointegral.com\/wp-content\/uploads\/2024\/05\/SUBESTACIONES-1024x965.webp\",\"datePublished\":\"2024-05-16T15:56:35+00:00\",\"dateModified\":\"2024-06-11T12:45:32+00:00\",\"breadcrumb\":{\"@id\":\"https:\/\/ecointegral.com\/pl\/elektrotechnika\/#breadcrumb\"},\"inLanguage\":\"pl-PL\",\"potentialAction\":[{\"@type\":\"ReadAction\",\"target\":[\"https:\/\/ecointegral.com\/pl\/elektrotechnika\/\"]}]},{\"@type\":\"ImageObject\",\"inLanguage\":\"pl-PL\",\"@id\":\"https:\/\/ecointegral.com\/pl\/elektrotechnika\/#primaryimage\",\"url\":\"https:\/\/ecointegral.com\/wp-content\/uploads\/2024\/05\/SUBESTACIONES-1024x965.webp\",\"contentUrl\":\"https:\/\/ecointegral.com\/wp-content\/uploads\/2024\/05\/SUBESTACIONES-1024x965.webp\"},{\"@type\":\"BreadcrumbList\",\"@id\":\"https:\/\/ecointegral.com\/pl\/elektrotechnika\/#breadcrumb\",\"itemListElement\":[{\"@type\":\"ListItem\",\"position\":1,\"name\":\"Portada\",\"item\":\"https:\/\/ecointegral.com\/pl\/\"},{\"@type\":\"ListItem\",\"position\":2,\"name\":\"Elektrotechnika\"}]},{\"@type\":\"WebSite\",\"@id\":\"https:\/\/ecointegral.com\/#website\",\"url\":\"https:\/\/ecointegral.com\/\",\"name\":\"Ecointegral\",\"description\":\"\",\"publisher\":{\"@id\":\"https:\/\/ecointegral.com\/#organization\"},\"potentialAction\":[{\"@type\":\"SearchAction\",\"target\":{\"@type\":\"EntryPoint\",\"urlTemplate\":\"https:\/\/ecointegral.com\/?s={search_term_string}\"},\"query-input\":\"required name=search_term_string\"}],\"inLanguage\":\"pl-PL\"},{\"@type\":\"Organization\",\"@id\":\"https:\/\/ecointegral.com\/#organization\",\"name\":\"Ecointegral\",\"url\":\"https:\/\/ecointegral.com\/\",\"logo\":{\"@type\":\"ImageObject\",\"inLanguage\":\"pl-PL\",\"@id\":\"https:\/\/ecointegral.com\/#\/schema\/logo\/image\/\",\"url\":\"https:\/\/ecointegral.com\/wp-content\/uploads\/2024\/04\/image001.png\",\"contentUrl\":\"https:\/\/ecointegral.com\/wp-content\/uploads\/2024\/04\/image001.png\",\"width\":357,\"height\":99,\"caption\":\"Ecointegral\"},\"image\":{\"@id\":\"https:\/\/ecointegral.com\/#\/schema\/logo\/image\/\"}}]}<\/script>\n<!-- \/ Yoast SEO plugin. -->","yoast_head_json":{"title":"Elektrotechnika - Ecointegral","robots":{"index":"index","follow":"follow","max-snippet":"max-snippet:-1","max-image-preview":"max-image-preview:large","max-video-preview":"max-video-preview:-1"},"canonical":"https:\/\/ecointegral.com\/pl\/elektrotechnika\/","og_locale":"pl_PL","og_type":"article","og_title":"Elektrotechnika - Ecointegral","og_description":"Elektrotechnika PODSTACJE Wyszukiwanie lokalizacji i wcze\u015bniejsze studia wykonalno\u015bci mo\u017cliwych lokalizacji. Zarz\u0105dzanie techniczne i dokumentacyjne przy projektowaniu projekt\u00f3w i projekt\u00f3w wst\u0119pnych stacji przesy\u0142owych i dystrybucyjnych. Zarz\u0105dzanie i pozyskiwanie wzajemnych porozumie\u0144 dla grunt\u00f3w obj\u0119tych zar\u00f3wno urz\u0105dzeniami wytw\u00f3rczymi, jak i ewakuacyjnymi. Wst\u0119pne raporty techniczne i \u015brodowiskowe na potrzeby wcze\u015bniejszych konsultacji i bada\u0144 rozwi\u0105za\u0144 alternatywnych. Projektowanie podstawowe i wykonawcze [&hellip;]","og_url":"https:\/\/ecointegral.com\/pl\/elektrotechnika\/","og_site_name":"Ecointegral","article_modified_time":"2024-06-11T12:45:32+00:00","og_image":[{"url":"https:\/\/ecointegral.com\/wp-content\/uploads\/2024\/05\/SUBESTACIONES-1024x965.webp"}],"twitter_card":"summary_large_image","twitter_misc":{"Szacowany czas czytania":"3 minuty"},"schema":{"@context":"https:\/\/schema.org","@graph":[{"@type":"WebPage","@id":"https:\/\/ecointegral.com\/pl\/elektrotechnika\/","url":"https:\/\/ecointegral.com\/pl\/elektrotechnika\/","name":"Elektrotechnika - Ecointegral","isPartOf":{"@id":"https:\/\/ecointegral.com\/#website"},"primaryImageOfPage":{"@id":"https:\/\/ecointegral.com\/pl\/elektrotechnika\/#primaryimage"},"image":{"@id":"https:\/\/ecointegral.com\/pl\/elektrotechnika\/#primaryimage"},"thumbnailUrl":"https:\/\/ecointegral.com\/wp-content\/uploads\/2024\/05\/SUBESTACIONES-1024x965.webp","datePublished":"2024-05-16T15:56:35+00:00","dateModified":"2024-06-11T12:45:32+00:00","breadcrumb":{"@id":"https:\/\/ecointegral.com\/pl\/elektrotechnika\/#breadcrumb"},"inLanguage":"pl-PL","potentialAction":[{"@type":"ReadAction","target":["https:\/\/ecointegral.com\/pl\/elektrotechnika\/"]}]},{"@type":"ImageObject","inLanguage":"pl-PL","@id":"https:\/\/ecointegral.com\/pl\/elektrotechnika\/#primaryimage","url":"https:\/\/ecointegral.com\/wp-content\/uploads\/2024\/05\/SUBESTACIONES-1024x965.webp","contentUrl":"https:\/\/ecointegral.com\/wp-content\/uploads\/2024\/05\/SUBESTACIONES-1024x965.webp"},{"@type":"BreadcrumbList","@id":"https:\/\/ecointegral.com\/pl\/elektrotechnika\/#breadcrumb","itemListElement":[{"@type":"ListItem","position":1,"name":"Portada","item":"https:\/\/ecointegral.com\/pl\/"},{"@type":"ListItem","position":2,"name":"Elektrotechnika"}]},{"@type":"WebSite","@id":"https:\/\/ecointegral.com\/#website","url":"https:\/\/ecointegral.com\/","name":"Ecointegral","description":"","publisher":{"@id":"https:\/\/ecointegral.com\/#organization"},"potentialAction":[{"@type":"SearchAction","target":{"@type":"EntryPoint","urlTemplate":"https:\/\/ecointegral.com\/?s={search_term_string}"},"query-input":"required name=search_term_string"}],"inLanguage":"pl-PL"},{"@type":"Organization","@id":"https:\/\/ecointegral.com\/#organization","name":"Ecointegral","url":"https:\/\/ecointegral.com\/","logo":{"@type":"ImageObject","inLanguage":"pl-PL","@id":"https:\/\/ecointegral.com\/#\/schema\/logo\/image\/","url":"https:\/\/ecointegral.com\/wp-content\/uploads\/2024\/04\/image001.png","contentUrl":"https:\/\/ecointegral.com\/wp-content\/uploads\/2024\/04\/image001.png","width":357,"height":99,"caption":"Ecointegral"},"image":{"@id":"https:\/\/ecointegral.com\/#\/schema\/logo\/image\/"}}]}},"_links":{"self":[{"href":"https:\/\/ecointegral.com\/pl\/wp-json\/wp\/v2\/pages\/15751"}],"collection":[{"href":"https:\/\/ecointegral.com\/pl\/wp-json\/wp\/v2\/pages"}],"about":[{"href":"https:\/\/ecointegral.com\/pl\/wp-json\/wp\/v2\/types\/page"}],"author":[{"embeddable":true,"href":"https:\/\/ecointegral.com\/pl\/wp-json\/wp\/v2\/users\/1"}],"replies":[{"embeddable":true,"href":"https:\/\/ecointegral.com\/pl\/wp-json\/wp\/v2\/comments?post=15751"}],"version-history":[{"count":3,"href":"https:\/\/ecointegral.com\/pl\/wp-json\/wp\/v2\/pages\/15751\/revisions"}],"predecessor-version":[{"id":16338,"href":"https:\/\/ecointegral.com\/pl\/wp-json\/wp\/v2\/pages\/15751\/revisions\/16338"}],"wp:attachment":[{"href":"https:\/\/ecointegral.com\/pl\/wp-json\/wp\/v2\/media?parent=15751"}],"curies":[{"name":"wp","href":"https:\/\/api.w.org\/{rel}","templated":true}]}}