{"id":15902,"date":"2024-05-21T12:07:14","date_gmt":"2024-05-21T10:07:14","guid":{"rendered":"https:\/\/ecointegral.fm360.es\/?page_id=15902"},"modified":"2024-05-21T13:17:59","modified_gmt":"2024-05-21T11:17:59","slug":"inne-sektory","status":"publish","type":"page","link":"https:\/\/ecointegral.com\/pl\/inne-sektory\/","title":{"rendered":"Inne sektory"},"content":{"rendered":"\t\t<div data-elementor-type=\"wp-page\" data-elementor-id=\"15902\" class=\"elementor elementor-15902 elementor-15900\" data-elementor-post-type=\"page\">\n\t\t\t\t<div class=\"elementor-element elementor-element-a93bb1a e-con-full e-flex e-con e-parent\" data-id=\"a93bb1a\" data-element_type=\"container\" data-settings=\"{&quot;background_background&quot;:&quot;classic&quot;,&quot;_ob_glider_is_slider&quot;:&quot;no&quot;}\">\n\t\t\t\t<div class=\"elementor-element elementor-element-edda92a elementor-widget elementor-widget-heading\" data-id=\"edda92a\" data-element_type=\"widget\" data-widget_type=\"heading.default\">\n\t\t\t\t<div class=\"elementor-widget-container\">\n\t\t\t<style>\/*! elementor - v3.21.0 - 26-05-2024 *\/\n.elementor-heading-title{padding:0;margin:0;line-height:1}.elementor-widget-heading .elementor-heading-title[class*=elementor-size-]>a{color:inherit;font-size:inherit;line-height:inherit}.elementor-widget-heading .elementor-heading-title.elementor-size-small{font-size:15px}.elementor-widget-heading .elementor-heading-title.elementor-size-medium{font-size:19px}.elementor-widget-heading .elementor-heading-title.elementor-size-large{font-size:29px}.elementor-widget-heading .elementor-heading-title.elementor-size-xl{font-size:39px}.elementor-widget-heading .elementor-heading-title.elementor-size-xxl{font-size:59px}<\/style><h1 class=\"elementor-heading-title elementor-size-default\">Inne sektory<\/h1>\t\t<\/div>\n\t\t\t\t<\/div>\n\t\t\t\t<\/div>\n\t\t<div class=\"elementor-element elementor-element-355c61f e-flex e-con-boxed e-con e-parent\" data-id=\"355c61f\" data-element_type=\"container\" data-settings=\"{&quot;_ob_glider_is_slider&quot;:&quot;no&quot;}\">\n\t\t\t\t\t<div class=\"e-con-inner\">\n\t\t<div class=\"elementor-element elementor-element-8c945f8 e-con-full e-flex e-con e-child\" data-id=\"8c945f8\" data-element_type=\"container\" data-settings=\"{&quot;_ob_glider_is_slider&quot;:&quot;no&quot;}\">\n\t\t\t\t<div class=\"elementor-element elementor-element-32aea65 elementor-widget elementor-widget-image\" data-id=\"32aea65\" data-element_type=\"widget\" data-widget_type=\"image.default\">\n\t\t\t\t<div class=\"elementor-widget-container\">\n\t\t\t<style>\/*! elementor - v3.21.0 - 26-05-2024 *\/\n.elementor-widget-image{text-align:center}.elementor-widget-image a{display:inline-block}.elementor-widget-image a img[src$=\".svg\"]{width:48px}.elementor-widget-image img{vertical-align:middle;display:inline-block}<\/style>\t\t\t\t\t\t\t\t\t\t<img fetchpriority=\"high\" decoding=\"async\" width=\"800\" height=\"612\" src=\"https:\/\/ecointegral.com\/wp-content\/uploads\/2024\/05\/industria-productiva.webp\" class=\"attachment-large size-large wp-image-16137\" alt=\"\" srcset=\"https:\/\/ecointegral.com\/wp-content\/uploads\/2024\/05\/industria-productiva.webp 918w, https:\/\/ecointegral.com\/wp-content\/uploads\/2024\/05\/industria-productiva-300x229.webp 300w, https:\/\/ecointegral.com\/wp-content\/uploads\/2024\/05\/industria-productiva-768x587.webp 768w\" sizes=\"(max-width: 800px) 100vw, 800px\" \/>\t\t\t\t\t\t\t\t\t\t\t\t\t<\/div>\n\t\t\t\t<\/div>\n\t\t\t\t<div class=\"elementor-element elementor-element-c08a900 elementor-widget elementor-widget-heading\" data-id=\"c08a900\" data-element_type=\"widget\" data-widget_type=\"heading.default\">\n\t\t\t\t<div class=\"elementor-widget-container\">\n\t\t\t<p class=\"elementor-heading-title elementor-size-default\">PRZEMYS\u0141 PRODUKCYJNY<\/p>\t\t<\/div>\n\t\t\t\t<\/div>\n\t\t\t\t<div class=\"elementor-element elementor-element-05cd965 elementor-align-center elementor-widget elementor-widget-button\" data-id=\"05cd965\" data-element_type=\"widget\" data-widget_type=\"button.default\">\n\t\t\t\t<div class=\"elementor-widget-container\">\n\t\t\t\t\t<div class=\"elementor-button-wrapper\">\n\t\t\t<a class=\"elementor-button elementor-button-link elementor-size-sm\" href=\"https:\/\/www.idp.es\/industria-productiva\/\">\n\t\t\t\t\t\t<span class=\"elementor-button-content-wrapper\">\n\t\t\t\t\t\t\t\t\t<span class=\"elementor-button-text\">Wi\u0119cej informacji<\/span>\n\t\t\t\t\t<\/span>\n\t\t\t\t\t<\/a>\n\t\t<\/div>\n\t\t\t\t<\/div>\n\t\t\t\t<\/div>\n\t\t\t\t<\/div>\n\t\t<div class=\"elementor-element elementor-element-4e6f245 e-con-full e-flex e-con e-child\" data-id=\"4e6f245\" data-element_type=\"container\" data-settings=\"{&quot;_ob_glider_is_slider&quot;:&quot;no&quot;}\">\n\t\t\t\t<div class=\"elementor-element elementor-element-afb094f elementor-widget elementor-widget-image\" data-id=\"afb094f\" data-element_type=\"widget\" data-widget_type=\"image.default\">\n\t\t\t\t<div class=\"elementor-widget-container\">\n\t\t\t\t\t\t\t\t\t\t\t\t\t<img decoding=\"async\" width=\"800\" height=\"612\" src=\"https:\/\/ecointegral.com\/wp-content\/uploads\/2024\/05\/logistica.webp\" class=\"attachment-large size-large wp-image-16140\" alt=\"\" srcset=\"https:\/\/ecointegral.com\/wp-content\/uploads\/2024\/05\/logistica.webp 918w, https:\/\/ecointegral.com\/wp-content\/uploads\/2024\/05\/logistica-300x229.webp 300w, https:\/\/ecointegral.com\/wp-content\/uploads\/2024\/05\/logistica-768x587.webp 768w\" sizes=\"(max-width: 800px) 100vw, 800px\" \/>\t\t\t\t\t\t\t\t\t\t\t\t\t<\/div>\n\t\t\t\t<\/div>\n\t\t\t\t<div class=\"elementor-element elementor-element-951812e elementor-widget elementor-widget-heading\" data-id=\"951812e\" data-element_type=\"widget\" data-widget_type=\"heading.default\">\n\t\t\t\t<div class=\"elementor-widget-container\">\n\t\t\t<p class=\"elementor-heading-title elementor-size-default\">LOGISTYKA<\/p>\t\t<\/div>\n\t\t\t\t<\/div>\n\t\t\t\t<div class=\"elementor-element elementor-element-c876bbe elementor-align-center elementor-widget elementor-widget-button\" data-id=\"c876bbe\" data-element_type=\"widget\" data-widget_type=\"button.default\">\n\t\t\t\t<div class=\"elementor-widget-container\">\n\t\t\t\t\t<div class=\"elementor-button-wrapper\">\n\t\t\t<a class=\"elementor-button elementor-button-link elementor-size-sm\" href=\"https:\/\/www.idp.es\/sector-logistica\/\">\n\t\t\t\t\t\t<span class=\"elementor-button-content-wrapper\">\n\t\t\t\t\t\t\t\t\t<span class=\"elementor-button-text\">Wi\u0119cej informacji<\/span>\n\t\t\t\t\t<\/span>\n\t\t\t\t\t<\/a>\n\t\t<\/div>\n\t\t\t\t<\/div>\n\t\t\t\t<\/div>\n\t\t\t\t<\/div>\n\t\t<div class=\"elementor-element elementor-element-d7f40bb e-con-full e-flex e-con e-child\" data-id=\"d7f40bb\" data-element_type=\"container\" data-settings=\"{&quot;_ob_glider_is_slider&quot;:&quot;no&quot;}\">\n\t\t\t\t<div class=\"elementor-element elementor-element-090fc69 elementor-widget elementor-widget-image\" data-id=\"090fc69\" data-element_type=\"widget\" data-widget_type=\"image.default\">\n\t\t\t\t<div class=\"elementor-widget-container\">\n\t\t\t\t\t\t\t\t\t\t\t\t\t<img decoding=\"async\" width=\"800\" height=\"612\" src=\"https:\/\/ecointegral.com\/wp-content\/uploads\/2024\/05\/edificacion.webp\" class=\"attachment-large size-large wp-image-16134\" alt=\"\" srcset=\"https:\/\/ecointegral.com\/wp-content\/uploads\/2024\/05\/edificacion.webp 918w, https:\/\/ecointegral.com\/wp-content\/uploads\/2024\/05\/edificacion-300x229.webp 300w, https:\/\/ecointegral.com\/wp-content\/uploads\/2024\/05\/edificacion-768x587.webp 768w\" sizes=\"(max-width: 800px) 100vw, 800px\" \/>\t\t\t\t\t\t\t\t\t\t\t\t\t<\/div>\n\t\t\t\t<\/div>\n\t\t\t\t<div class=\"elementor-element elementor-element-fef1ce4 elementor-widget elementor-widget-heading\" data-id=\"fef1ce4\" data-element_type=\"widget\" data-widget_type=\"heading.default\">\n\t\t\t\t<div class=\"elementor-widget-container\">\n\t\t\t<p class=\"elementor-heading-title elementor-size-default\">POZYTYWNY WP\u0141YW<\/p>\t\t<\/div>\n\t\t\t\t<\/div>\n\t\t\t\t<div class=\"elementor-element elementor-element-6dbdab3 elementor-align-center elementor-widget elementor-widget-button\" data-id=\"6dbdab3\" data-element_type=\"widget\" data-widget_type=\"button.default\">\n\t\t\t\t<div class=\"elementor-widget-container\">\n\t\t\t\t\t<div class=\"elementor-button-wrapper\">\n\t\t\t<a class=\"elementor-button elementor-button-link elementor-size-sm\" href=\"https:\/\/www.idp.es\/areas-projectos\/edificacion\/\">\n\t\t\t\t\t\t<span class=\"elementor-button-content-wrapper\">\n\t\t\t\t\t\t\t\t\t<span class=\"elementor-button-text\">Wi\u0119cej informacji<\/span>\n\t\t\t\t\t<\/span>\n\t\t\t\t\t<\/a>\n\t\t<\/div>\n\t\t\t\t<\/div>\n\t\t\t\t<\/div>\n\t\t\t\t<\/div>\n\t\t\t\t\t<\/div>\n\t\t\t\t<\/div>\n\t\t<div class=\"elementor-element elementor-element-f5db042 e-flex e-con-boxed e-con e-parent\" data-id=\"f5db042\" data-element_type=\"container\" data-settings=\"{&quot;_ob_glider_is_slider&quot;:&quot;no&quot;}\">\n\t\t\t\t\t<div class=\"e-con-inner\">\n\t\t<div class=\"elementor-element elementor-element-1588a6b e-con-full e-flex e-con e-child\" data-id=\"1588a6b\" data-element_type=\"container\" data-settings=\"{&quot;_ob_glider_is_slider&quot;:&quot;no&quot;}\">\n\t\t\t\t<div class=\"elementor-element elementor-element-442d4b4 elementor-widget elementor-widget-image\" data-id=\"442d4b4\" data-element_type=\"widget\" data-widget_type=\"image.default\">\n\t\t\t\t<div class=\"elementor-widget-container\">\n\t\t\t\t\t\t\t\t\t\t\t\t\t<img loading=\"lazy\" decoding=\"async\" width=\"800\" height=\"612\" src=\"https:\/\/ecointegral.com\/wp-content\/uploads\/2024\/05\/desarrollo-urbano.webp\" class=\"attachment-large size-large wp-image-16131\" alt=\"\" srcset=\"https:\/\/ecointegral.com\/wp-content\/uploads\/2024\/05\/desarrollo-urbano.webp 918w, https:\/\/ecointegral.com\/wp-content\/uploads\/2024\/05\/desarrollo-urbano-300x229.webp 300w, https:\/\/ecointegral.com\/wp-content\/uploads\/2024\/05\/desarrollo-urbano-768x587.webp 768w\" sizes=\"(max-width: 800px) 100vw, 800px\" \/>\t\t\t\t\t\t\t\t\t\t\t\t\t<\/div>\n\t\t\t\t<\/div>\n\t\t\t\t<div class=\"elementor-element elementor-element-b77a23c elementor-widget elementor-widget-heading\" data-id=\"b77a23c\" data-element_type=\"widget\" data-widget_type=\"heading.default\">\n\t\t\t\t<div class=\"elementor-widget-container\">\n\t\t\t<p class=\"elementor-heading-title elementor-size-default\">ROZW\u00d3J MIAST<\/p>\t\t<\/div>\n\t\t\t\t<\/div>\n\t\t\t\t<div class=\"elementor-element elementor-element-ad646ab elementor-align-center elementor-widget elementor-widget-button\" data-id=\"ad646ab\" data-element_type=\"widget\" data-widget_type=\"button.default\">\n\t\t\t\t<div class=\"elementor-widget-container\">\n\t\t\t\t\t<div class=\"elementor-button-wrapper\">\n\t\t\t<a class=\"elementor-button elementor-button-link elementor-size-sm\" href=\"https:\/\/www.idp.es\/desarrollo-urbano\/\">\n\t\t\t\t\t\t<span class=\"elementor-button-content-wrapper\">\n\t\t\t\t\t\t\t\t\t<span class=\"elementor-button-text\">Wi\u0119cej informacji<\/span>\n\t\t\t\t\t<\/span>\n\t\t\t\t\t<\/a>\n\t\t<\/div>\n\t\t\t\t<\/div>\n\t\t\t\t<\/div>\n\t\t\t\t<\/div>\n\t\t<div class=\"elementor-element elementor-element-97d2d90 e-con-full e-flex e-con e-child\" data-id=\"97d2d90\" data-element_type=\"container\" data-settings=\"{&quot;_ob_glider_is_slider&quot;:&quot;no&quot;}\">\n\t\t\t\t<div class=\"elementor-element elementor-element-e6394cf elementor-widget elementor-widget-image\" data-id=\"e6394cf\" data-element_type=\"widget\" data-widget_type=\"image.default\">\n\t\t\t\t<div class=\"elementor-widget-container\">\n\t\t\t\t\t\t\t\t\t\t\t\t\t<img loading=\"lazy\" decoding=\"async\" width=\"800\" height=\"612\" src=\"https:\/\/ecointegral.com\/wp-content\/uploads\/2024\/05\/referencias.webp\" class=\"attachment-large size-large wp-image-16143\" alt=\"\" srcset=\"https:\/\/ecointegral.com\/wp-content\/uploads\/2024\/05\/referencias.webp 918w, https:\/\/ecointegral.com\/wp-content\/uploads\/2024\/05\/referencias-300x229.webp 300w, https:\/\/ecointegral.com\/wp-content\/uploads\/2024\/05\/referencias-768x587.webp 768w\" sizes=\"(max-width: 800px) 100vw, 800px\" \/>\t\t\t\t\t\t\t\t\t\t\t\t\t<\/div>\n\t\t\t\t<\/div>\n\t\t\t\t<div class=\"elementor-element elementor-element-ed3bbb3 elementor-widget elementor-widget-heading\" data-id=\"ed3bbb3\" data-element_type=\"widget\" data-widget_type=\"heading.default\">\n\t\t\t\t<div class=\"elementor-widget-container\">\n\t\t\t<p class=\"elementor-heading-title elementor-size-default\">REFERENCJE<\/p>\t\t<\/div>\n\t\t\t\t<\/div>\n\t\t\t\t<div class=\"elementor-element elementor-element-4482b29 elementor-align-center elementor-widget elementor-widget-button\" data-id=\"4482b29\" data-element_type=\"widget\" data-widget_type=\"button.default\">\n\t\t\t\t<div class=\"elementor-widget-container\">\n\t\t\t\t\t<div class=\"elementor-button-wrapper\">\n\t\t\t<a class=\"elementor-button elementor-button-link elementor-size-sm\" href=\"https:\/\/ecointegral.com\/pl\/20210609-refgenerales-completas\/\" target=\"_blank\">\n\t\t\t\t\t\t<span class=\"elementor-button-content-wrapper\">\n\t\t\t\t\t\t\t\t\t<span class=\"elementor-button-text\">Wi\u0119cej informacji<\/span>\n\t\t\t\t\t<\/span>\n\t\t\t\t\t<\/a>\n\t\t<\/div>\n\t\t\t\t<\/div>\n\t\t\t\t<\/div>\n\t\t\t\t<\/div>\n\t\t\t\t\t<\/div>\n\t\t\t\t<\/div>\n\t\t\t\t<\/div>\n\t\t","protected":false},"excerpt":{"rendered":"<p>Inne sektory PRZEMYS\u0141 PRODUKCYJNY Wi\u0119cej informacji LOGISTYKA Wi\u0119cej informacji POZYTYWNY WP\u0141YW Wi\u0119cej informacji ROZW\u00d3J MIAST Wi\u0119cej informacji REFERENCJE Wi\u0119cej informacji<\/p>\n","protected":false},"author":1,"featured_media":0,"parent":0,"menu_order":0,"comment_status":"closed","ping_status":"closed","template":"","meta":{"footnotes":""},"yoast_head":"<!-- This site is optimized with the Yoast SEO plugin v22.8 - https:\/\/yoast.com\/wordpress\/plugins\/seo\/ -->\n<title>Inne sektory - Ecointegral<\/title>\n<meta name=\"robots\" content=\"index, follow, max-snippet:-1, max-image-preview:large, max-video-preview:-1\" \/>\n<link rel=\"canonical\" href=\"https:\/\/ecointegral.com\/otros-sectores\/\" \/>\n<meta property=\"og:locale\" content=\"pl_PL\" \/>\n<meta property=\"og:type\" content=\"article\" \/>\n<meta property=\"og:title\" content=\"Inne sektory - Ecointegral\" \/>\n<meta property=\"og:description\" content=\"Inne sektory PRZEMYS\u0141 PRODUKCYJNY Wi\u0119cej informacji LOGISTYKA Wi\u0119cej informacji POZYTYWNY WP\u0141YW Wi\u0119cej informacji ROZW\u00d3J MIAST Wi\u0119cej informacji REFERENCJE Wi\u0119cej informacji\" \/>\n<meta property=\"og:url\" content=\"https:\/\/ecointegral.com\/otros-sectores\/\" \/>\n<meta property=\"og:site_name\" content=\"Ecointegral\" \/>\n<meta property=\"article:modified_time\" content=\"2024-05-21T11:17:59+00:00\" \/>\n<meta property=\"og:image\" content=\"https:\/\/ecointegral.com\/wp-content\/uploads\/2024\/05\/industria-productiva.webp\" \/>\n<meta name=\"twitter:card\" content=\"summary_large_image\" \/>\n<meta name=\"twitter:label1\" content=\"Szacowany czas czytania\" \/>\n\t<meta name=\"twitter:data1\" content=\"2 minuty\" \/>\n<script type=\"application\/ld+json\" class=\"yoast-schema-graph\">{\"@context\":\"https:\/\/schema.org\",\"@graph\":[{\"@type\":\"WebPage\",\"@id\":\"https:\/\/ecointegral.com\/otros-sectores\/\",\"url\":\"https:\/\/ecointegral.com\/otros-sectores\/\",\"name\":\"Inne sektory - Ecointegral\",\"isPartOf\":{\"@id\":\"https:\/\/ecointegral.com\/#website\"},\"primaryImageOfPage\":{\"@id\":\"https:\/\/ecointegral.com\/otros-sectores\/#primaryimage\"},\"image\":{\"@id\":\"https:\/\/ecointegral.com\/otros-sectores\/#primaryimage\"},\"thumbnailUrl\":\"https:\/\/ecointegral.com\/wp-content\/uploads\/2024\/05\/industria-productiva.webp\",\"datePublished\":\"2024-05-21T10:07:14+00:00\",\"dateModified\":\"2024-05-21T11:17:59+00:00\",\"breadcrumb\":{\"@id\":\"https:\/\/ecointegral.com\/otros-sectores\/#breadcrumb\"},\"inLanguage\":\"pl-PL\",\"potentialAction\":[{\"@type\":\"ReadAction\",\"target\":[\"https:\/\/ecointegral.com\/otros-sectores\/\"]}]},{\"@type\":\"ImageObject\",\"inLanguage\":\"pl-PL\",\"@id\":\"https:\/\/ecointegral.com\/otros-sectores\/#primaryimage\",\"url\":\"https:\/\/ecointegral.com\/wp-content\/uploads\/2024\/05\/industria-productiva.webp\",\"contentUrl\":\"https:\/\/ecointegral.com\/wp-content\/uploads\/2024\/05\/industria-productiva.webp\"},{\"@type\":\"BreadcrumbList\",\"@id\":\"https:\/\/ecointegral.com\/otros-sectores\/#breadcrumb\",\"itemListElement\":[{\"@type\":\"ListItem\",\"position\":1,\"name\":\"Portada\",\"item\":\"https:\/\/ecointegral.com\/pl\/\"},{\"@type\":\"ListItem\",\"position\":2,\"name\":\"Inne sektory\"}]},{\"@type\":\"WebSite\",\"@id\":\"https:\/\/ecointegral.com\/#website\",\"url\":\"https:\/\/ecointegral.com\/\",\"name\":\"Ecointegral\",\"description\":\"\",\"publisher\":{\"@id\":\"https:\/\/ecointegral.com\/#organization\"},\"potentialAction\":[{\"@type\":\"SearchAction\",\"target\":{\"@type\":\"EntryPoint\",\"urlTemplate\":\"https:\/\/ecointegral.com\/?s={search_term_string}\"},\"query-input\":\"required name=search_term_string\"}],\"inLanguage\":\"pl-PL\"},{\"@type\":\"Organization\",\"@id\":\"https:\/\/ecointegral.com\/#organization\",\"name\":\"Ecointegral\",\"url\":\"https:\/\/ecointegral.com\/\",\"logo\":{\"@type\":\"ImageObject\",\"inLanguage\":\"pl-PL\",\"@id\":\"https:\/\/ecointegral.com\/#\/schema\/logo\/image\/\",\"url\":\"https:\/\/ecointegral.com\/wp-content\/uploads\/2024\/04\/image001.png\",\"contentUrl\":\"https:\/\/ecointegral.com\/wp-content\/uploads\/2024\/04\/image001.png\",\"width\":357,\"height\":99,\"caption\":\"Ecointegral\"},\"image\":{\"@id\":\"https:\/\/ecointegral.com\/#\/schema\/logo\/image\/\"}}]}<\/script>\n<!-- \/ Yoast SEO plugin. -->","yoast_head_json":{"title":"Inne sektory - Ecointegral","robots":{"index":"index","follow":"follow","max-snippet":"max-snippet:-1","max-image-preview":"max-image-preview:large","max-video-preview":"max-video-preview:-1"},"canonical":"https:\/\/ecointegral.com\/otros-sectores\/","og_locale":"pl_PL","og_type":"article","og_title":"Inne sektory - Ecointegral","og_description":"Inne sektory PRZEMYS\u0141 PRODUKCYJNY Wi\u0119cej informacji LOGISTYKA Wi\u0119cej informacji POZYTYWNY WP\u0141YW Wi\u0119cej informacji ROZW\u00d3J MIAST Wi\u0119cej informacji REFERENCJE Wi\u0119cej informacji","og_url":"https:\/\/ecointegral.com\/otros-sectores\/","og_site_name":"Ecointegral","article_modified_time":"2024-05-21T11:17:59+00:00","og_image":[{"url":"https:\/\/ecointegral.com\/wp-content\/uploads\/2024\/05\/industria-productiva.webp"}],"twitter_card":"summary_large_image","twitter_misc":{"Szacowany czas czytania":"2 minuty"},"schema":{"@context":"https:\/\/schema.org","@graph":[{"@type":"WebPage","@id":"https:\/\/ecointegral.com\/otros-sectores\/","url":"https:\/\/ecointegral.com\/otros-sectores\/","name":"Inne sektory - Ecointegral","isPartOf":{"@id":"https:\/\/ecointegral.com\/#website"},"primaryImageOfPage":{"@id":"https:\/\/ecointegral.com\/otros-sectores\/#primaryimage"},"image":{"@id":"https:\/\/ecointegral.com\/otros-sectores\/#primaryimage"},"thumbnailUrl":"https:\/\/ecointegral.com\/wp-content\/uploads\/2024\/05\/industria-productiva.webp","datePublished":"2024-05-21T10:07:14+00:00","dateModified":"2024-05-21T11:17:59+00:00","breadcrumb":{"@id":"https:\/\/ecointegral.com\/otros-sectores\/#breadcrumb"},"inLanguage":"pl-PL","potentialAction":[{"@type":"ReadAction","target":["https:\/\/ecointegral.com\/otros-sectores\/"]}]},{"@type":"ImageObject","inLanguage":"pl-PL","@id":"https:\/\/ecointegral.com\/otros-sectores\/#primaryimage","url":"https:\/\/ecointegral.com\/wp-content\/uploads\/2024\/05\/industria-productiva.webp","contentUrl":"https:\/\/ecointegral.com\/wp-content\/uploads\/2024\/05\/industria-productiva.webp"},{"@type":"BreadcrumbList","@id":"https:\/\/ecointegral.com\/otros-sectores\/#breadcrumb","itemListElement":[{"@type":"ListItem","position":1,"name":"Portada","item":"https:\/\/ecointegral.com\/pl\/"},{"@type":"ListItem","position":2,"name":"Inne sektory"}]},{"@type":"WebSite","@id":"https:\/\/ecointegral.com\/#website","url":"https:\/\/ecointegral.com\/","name":"Ecointegral","description":"","publisher":{"@id":"https:\/\/ecointegral.com\/#organization"},"potentialAction":[{"@type":"SearchAction","target":{"@type":"EntryPoint","urlTemplate":"https:\/\/ecointegral.com\/?s={search_term_string}"},"query-input":"required name=search_term_string"}],"inLanguage":"pl-PL"},{"@type":"Organization","@id":"https:\/\/ecointegral.com\/#organization","name":"Ecointegral","url":"https:\/\/ecointegral.com\/","logo":{"@type":"ImageObject","inLanguage":"pl-PL","@id":"https:\/\/ecointegral.com\/#\/schema\/logo\/image\/","url":"https:\/\/ecointegral.com\/wp-content\/uploads\/2024\/04\/image001.png","contentUrl":"https:\/\/ecointegral.com\/wp-content\/uploads\/2024\/04\/image001.png","width":357,"height":99,"caption":"Ecointegral"},"image":{"@id":"https:\/\/ecointegral.com\/#\/schema\/logo\/image\/"}}]}},"_links":{"self":[{"href":"https:\/\/ecointegral.com\/pl\/wp-json\/wp\/v2\/pages\/15902"}],"collection":[{"href":"https:\/\/ecointegral.com\/pl\/wp-json\/wp\/v2\/pages"}],"about":[{"href":"https:\/\/ecointegral.com\/pl\/wp-json\/wp\/v2\/types\/page"}],"author":[{"embeddable":true,"href":"https:\/\/ecointegral.com\/pl\/wp-json\/wp\/v2\/users\/1"}],"replies":[{"embeddable":true,"href":"https:\/\/ecointegral.com\/pl\/wp-json\/wp\/v2\/comments?post=15902"}],"version-history":[{"count":0,"href":"https:\/\/ecointegral.com\/pl\/wp-json\/wp\/v2\/pages\/15902\/revisions"}],"wp:attachment":[{"href":"https:\/\/ecointegral.com\/pl\/wp-json\/wp\/v2\/media?parent=15902"}],"curies":[{"name":"wp","href":"https:\/\/api.w.org\/{rel}","templated":true}]}}