{"id":16918,"date":"2025-04-07T09:54:15","date_gmt":"2025-04-07T07:54:15","guid":{"rendered":"https:\/\/ecointegral.com\/?page_id=16918"},"modified":"2025-04-07T10:22:48","modified_gmt":"2025-04-07T08:22:48","slug":"bri","status":"publish","type":"page","link":"https:\/\/ecointegral.com\/pl\/bri\/","title":{"rendered":"B+R+I"},"content":{"rendered":"\t\t<div data-elementor-type=\"wp-page\" data-elementor-id=\"16918\" class=\"elementor elementor-16918 elementor-16916\" data-elementor-post-type=\"page\">\n\t\t\t\t<div class=\"elementor-element elementor-element-8a60e09 e-con-full e-flex e-con e-parent\" data-id=\"8a60e09\" data-element_type=\"container\" data-settings=\"{&quot;background_background&quot;:&quot;classic&quot;,&quot;_ob_glider_is_slider&quot;:&quot;no&quot;}\">\n\t\t\t\t<div class=\"elementor-element elementor-element-dc60fc5 elementor-widget elementor-widget-heading\" data-id=\"dc60fc5\" data-element_type=\"widget\" data-widget_type=\"heading.default\">\n\t\t\t\t<div class=\"elementor-widget-container\">\n\t\t\t<style>\/*! elementor - v3.21.0 - 26-05-2024 *\/\n.elementor-heading-title{padding:0;margin:0;line-height:1}.elementor-widget-heading .elementor-heading-title[class*=elementor-size-]>a{color:inherit;font-size:inherit;line-height:inherit}.elementor-widget-heading .elementor-heading-title.elementor-size-small{font-size:15px}.elementor-widget-heading .elementor-heading-title.elementor-size-medium{font-size:19px}.elementor-widget-heading .elementor-heading-title.elementor-size-large{font-size:29px}.elementor-widget-heading .elementor-heading-title.elementor-size-xl{font-size:39px}.elementor-widget-heading .elementor-heading-title.elementor-size-xxl{font-size:59px}<\/style><h1 class=\"elementor-heading-title elementor-size-default\">B+R+I<\/h1>\t\t<\/div>\n\t\t\t\t<\/div>\n\t\t\t\t<\/div>\n\t\t<div class=\"elementor-element elementor-element-c4a1f32 e-flex e-con-boxed e-con e-parent\" data-id=\"c4a1f32\" data-element_type=\"container\" data-settings=\"{&quot;_ob_glider_is_slider&quot;:&quot;no&quot;}\">\n\t\t\t\t\t<div class=\"e-con-inner\">\n\t\t\t\t<div class=\"elementor-element elementor-element-6818439 elementor-widget elementor-widget-text-editor\" data-id=\"6818439\" data-element_type=\"widget\" data-widget_type=\"text-editor.default\">\n\t\t\t\t<div class=\"elementor-widget-container\">\n\t\t\t<style>\/*! elementor - v3.21.0 - 26-05-2024 *\/\n.elementor-widget-text-editor.elementor-drop-cap-view-stacked .elementor-drop-cap{background-color:#69727d;color:#fff}.elementor-widget-text-editor.elementor-drop-cap-view-framed .elementor-drop-cap{color:#69727d;border:3px solid;background-color:transparent}.elementor-widget-text-editor:not(.elementor-drop-cap-view-default) .elementor-drop-cap{margin-top:8px}.elementor-widget-text-editor:not(.elementor-drop-cap-view-default) .elementor-drop-cap-letter{width:1em;height:1em}.elementor-widget-text-editor .elementor-drop-cap{float:left;text-align:center;line-height:1;font-size:50px}.elementor-widget-text-editor .elementor-drop-cap-letter{display:inline-block}<\/style>\t\t\t\t<p>Wierzymy, \u017ce dzi\u0119ki badaniom, rozwojowi i innowacjom b\u0119dziemy w stanie przekszta\u0142ci\u0107 nasze us\u0142ugi i procesy, tworz\u0105c wyj\u0105tkow\u0105 warto\u015b\u0107 dla naszych klient\u00f3w i spo\u0142ecze\u0144stwa.<\/p><p>Poszukujemy najlepszych pomys\u0142\u00f3w i uczestniczymy w du\u017cych innowacyjnych projektach z wiod\u0105cymi globalnymi partnerami technologicznymi. Kultura innowacji sta\u0142a si\u0119 prawdziw\u0105 si\u0142\u0105 nap\u0119dow\u0105 zmian i wyr\u00f3\u017cnienia naszej firmy, pozwalaj\u0105c nam przewidywa\u0107 i spe\u0142nia\u0107 wymagania przysz\u0142o\u015bci.<\/p><p>Poznaj nasze inicjatywy badawczo-rozwojowe i przekonaj si\u0119, jak przekszta\u0142camy pomys\u0142y w namacaln\u0105 rzeczywisto\u015b\u0107. Do\u0142\u0105cz do nas w podr\u00f3\u017cy ku ja\u015bniejszej, bardziej zr\u00f3wnowa\u017conej przysz\u0142o\u015bci.<\/p>\t\t\t\t\t\t<\/div>\n\t\t\t\t<\/div>\n\t\t\t\t<div class=\"elementor-element elementor-element-d79502e elementor-widget elementor-widget-heading\" data-id=\"d79502e\" data-element_type=\"widget\" data-widget_type=\"heading.default\">\n\t\t\t\t<div class=\"elementor-widget-container\">\n\t\t\t<h2 class=\"elementor-heading-title elementor-size-default\">Projektowanie<\/h2>\t\t<\/div>\n\t\t\t\t<\/div>\n\t\t\t\t<div class=\"elementor-element elementor-element-f61726a elementor-grid-3 elementor-grid-tablet-2 elementor-grid-mobile-1 elementor-posts--thumbnail-top elementor-card-shadow-yes elementor-posts__hover-gradient elementor-widget elementor-widget-posts\" data-id=\"f61726a\" data-element_type=\"widget\" data-settings=\"{&quot;pagination_type&quot;:&quot;load_more_infinite_scroll&quot;,&quot;cards_columns&quot;:&quot;3&quot;,&quot;cards_columns_tablet&quot;:&quot;2&quot;,&quot;cards_columns_mobile&quot;:&quot;1&quot;,&quot;cards_row_gap&quot;:{&quot;unit&quot;:&quot;px&quot;,&quot;size&quot;:35,&quot;sizes&quot;:[]},&quot;cards_row_gap_laptop&quot;:{&quot;unit&quot;:&quot;px&quot;,&quot;size&quot;:&quot;&quot;,&quot;sizes&quot;:[]},&quot;cards_row_gap_tablet&quot;:{&quot;unit&quot;:&quot;px&quot;,&quot;size&quot;:&quot;&quot;,&quot;sizes&quot;:[]},&quot;cards_row_gap_mobile&quot;:{&quot;unit&quot;:&quot;px&quot;,&quot;size&quot;:&quot;&quot;,&quot;sizes&quot;:[]},&quot;load_more_spinner&quot;:{&quot;value&quot;:&quot;fas fa-spinner&quot;,&quot;library&quot;:&quot;fa-solid&quot;}}\" data-widget_type=\"posts.cards\">\n\t\t\t\t<div class=\"elementor-widget-container\">\n\t\t\t<link rel=\"stylesheet\" href=\"https:\/\/ecointegral.com\/wp-content\/plugins\/elementor-pro\/assets\/css\/widget-posts.min.css\">\t\t<div class=\"elementor-posts-container elementor-posts elementor-posts--skin-cards elementor-grid\">\n\t\t\t\t<article class=\"elementor-post elementor-grid-item post-16939 post type-post status-publish format-standard has-post-thumbnail hentry category-projekty-bri\">\n\t\t\t<div class=\"elementor-post__card\">\n\t\t\t\t<a class=\"elementor-post__thumbnail__link\" href=\"https:\/\/ecointegral.com\/pl\/proyecto-recobats\/\" tabindex=\"-1\" ><div class=\"elementor-post__thumbnail\"><img fetchpriority=\"high\" decoding=\"async\" width=\"768\" height=\"553\" src=\"https:\/\/ecointegral.com\/wp-content\/uploads\/2025\/04\/PORTADA-RECOBATS-768x553.png\" class=\"attachment-medium_large size-medium_large wp-image-16966\" alt=\"\" srcset=\"https:\/\/ecointegral.com\/wp-content\/uploads\/2025\/04\/PORTADA-RECOBATS-768x553.png 768w, https:\/\/ecointegral.com\/wp-content\/uploads\/2025\/04\/PORTADA-RECOBATS-300x216.png 300w, https:\/\/ecointegral.com\/wp-content\/uploads\/2025\/04\/PORTADA-RECOBATS.png 800w\" sizes=\"(max-width: 768px) 100vw, 768px\" \/><\/div><\/a>\n\t\t\t\t<div class=\"elementor-post__text\">\n\t\t\t\t<h3 class=\"elementor-post__title\">\n\t\t\t<a href=\"https:\/\/ecointegral.com\/pl\/proyecto-recobats\/\" >\n\t\t\t\tProjekt RECOBAT\t\t\t<\/a>\n\t\t<\/h3>\n\t\t\t\t<div class=\"elementor-post__excerpt\">\n\t\t\t<p>Projekt RECOBATs \u201eOpracowanie kompleksowej strategii RECYKLINGU AKUMULATOR\u00d3W\u201d polega na odzyskiwaniu surowc\u00f3w krytycznych, kt\u00f3re umo\u017cliwiaj\u0105 uzyskanie nowych baterii Cele Celem projektu jest opracowanie kompleksowej i wszechstronnej<\/p>\n\t\t<\/div>\n\t\t\n\t\t<a class=\"elementor-post__read-more\" href=\"https:\/\/ecointegral.com\/pl\/proyecto-recobats\/\" aria-label=\"Read more about Projekt RECOBAT\" tabindex=\"-1\" >\n\t\t\tCzytaj wi\u0119cej \u00bb\t\t<\/a>\n\n\t\t\t\t<\/div>\n\t\t\t\t<div class=\"elementor-post__meta-data\">\n\t\t\t\t\t<span class=\"elementor-post-date\">\n\t\t\t7 de kwiecie\u0144 de 2025\t\t<\/span>\n\t\t\t\t<\/div>\n\t\t\t\t\t<\/div>\n\t\t<\/article>\n\t\t\t\t<article class=\"elementor-post elementor-grid-item post-16944 post type-post status-publish format-standard has-post-thumbnail hentry category-projekty-bri\">\n\t\t\t<div class=\"elementor-post__card\">\n\t\t\t\t<a class=\"elementor-post__thumbnail__link\" href=\"https:\/\/ecointegral.com\/pl\/projekt-industr-ia\/\" tabindex=\"-1\" ><div class=\"elementor-post__thumbnail\"><img decoding=\"async\" width=\"768\" height=\"553\" src=\"https:\/\/ecointegral.com\/wp-content\/uploads\/2025\/04\/PORTADA-INDUSTR-IA-768x553.png\" class=\"attachment-medium_large size-medium_large wp-image-16969\" alt=\"\" srcset=\"https:\/\/ecointegral.com\/wp-content\/uploads\/2025\/04\/PORTADA-INDUSTR-IA-768x553.png 768w, https:\/\/ecointegral.com\/wp-content\/uploads\/2025\/04\/PORTADA-INDUSTR-IA-300x216.png 300w, https:\/\/ecointegral.com\/wp-content\/uploads\/2025\/04\/PORTADA-INDUSTR-IA.png 800w\" sizes=\"(max-width: 768px) 100vw, 768px\" \/><\/div><\/a>\n\t\t\t\t<div class=\"elementor-post__text\">\n\t\t\t\t<h3 class=\"elementor-post__title\">\n\t\t\t<a href=\"https:\/\/ecointegral.com\/pl\/projekt-industr-ia\/\" >\n\t\t\t\tProjekt INDUSTR-IA\t\t\t<\/a>\n\t\t<\/h3>\n\t\t\t\t<div class=\"elementor-post__excerpt\">\n\t\t\t<p>Celem projektu INDUSTR-IA jest opracowanie nowych rozwi\u0105za\u0144 opartych na sztucznej inteligencji, kt\u00f3re zwi\u0119ksz\u0105 wydajno\u015b\u0107 i elastyczno\u015b\u0107 produkcji przemys\u0142owej. Cele Projekt INDUSTR-IA b\u0119dzie kamieniem milowym w<\/p>\n\t\t<\/div>\n\t\t\n\t\t<a class=\"elementor-post__read-more\" href=\"https:\/\/ecointegral.com\/pl\/projekt-industr-ia\/\" aria-label=\"Read more about Projekt INDUSTR-IA\" tabindex=\"-1\" >\n\t\t\tCzytaj wi\u0119cej \u00bb\t\t<\/a>\n\n\t\t\t\t<\/div>\n\t\t\t\t<div class=\"elementor-post__meta-data\">\n\t\t\t\t\t<span class=\"elementor-post-date\">\n\t\t\t7 de kwiecie\u0144 de 2025\t\t<\/span>\n\t\t\t\t<\/div>\n\t\t\t\t\t<\/div>\n\t\t<\/article>\n\t\t\t\t<\/div>\n\t\t\t\t\t<span class=\"e-load-more-spinner\">\n\t\t\t\t<svg aria-hidden=\"true\" class=\"e-font-icon-svg e-fas-spinner\" viewBox=\"0 0 512 512\" xmlns=\"http:\/\/www.w3.org\/2000\/svg\"><path d=\"M304 48c0 26.51-21.49 48-48 48s-48-21.49-48-48 21.49-48 48-48 48 21.49 48 48zm-48 368c-26.51 0-48 21.49-48 48s21.49 48 48 48 48-21.49 48-48-21.49-48-48-48zm208-208c-26.51 0-48 21.49-48 48s21.49 48 48 48 48-21.49 48-48-21.49-48-48-48zM96 256c0-26.51-21.49-48-48-48S0 229.49 0 256s21.49 48 48 48 48-21.49 48-48zm12.922 99.078c-26.51 0-48 21.49-48 48s21.49 48 48 48 48-21.49 48-48c0-26.509-21.491-48-48-48zm294.156 0c-26.51 0-48 21.49-48 48s21.49 48 48 48 48-21.49 48-48c0-26.509-21.49-48-48-48zM108.922 60.922c-26.51 0-48 21.49-48 48s21.49 48 48 48 48-21.49 48-48-21.491-48-48-48z\"><\/path><\/svg>\t\t\t<\/span>\n\t\t\n\t\t\t\t<\/div>\n\t\t\t\t<\/div>\n\t\t\t\t\t<\/div>\n\t\t\t\t<\/div>\n\t\t\t\t<\/div>\n\t\t","protected":false},"excerpt":{"rendered":"<p>B+R+I Wierzymy, \u017ce dzi\u0119ki badaniom, rozwojowi i innowacjom b\u0119dziemy w stanie przekszta\u0142ci\u0107 nasze us\u0142ugi i procesy, tworz\u0105c wyj\u0105tkow\u0105 warto\u015b\u0107 dla naszych klient\u00f3w i spo\u0142ecze\u0144stwa. Poszukujemy najlepszych pomys\u0142\u00f3w i uczestniczymy w du\u017cych innowacyjnych projektach z wiod\u0105cymi globalnymi partnerami technologicznymi. Kultura innowacji sta\u0142a si\u0119 prawdziw\u0105 si\u0142\u0105 nap\u0119dow\u0105 zmian i wyr\u00f3\u017cnienia naszej firmy, pozwalaj\u0105c nam przewidywa\u0107 i spe\u0142nia\u0107 [&hellip;]<\/p>\n","protected":false},"author":1,"featured_media":0,"parent":0,"menu_order":0,"comment_status":"closed","ping_status":"closed","template":"","meta":{"footnotes":""},"yoast_head":"<!-- This site is optimized with the Yoast SEO plugin v22.8 - https:\/\/yoast.com\/wordpress\/plugins\/seo\/ -->\n<title>B+R+I - Ecointegral<\/title>\n<meta name=\"robots\" content=\"index, follow, max-snippet:-1, max-image-preview:large, max-video-preview:-1\" \/>\n<link rel=\"canonical\" href=\"https:\/\/ecointegral.com\/pl\/bri\/\" \/>\n<meta property=\"og:locale\" content=\"pl_PL\" \/>\n<meta property=\"og:type\" content=\"article\" \/>\n<meta property=\"og:title\" content=\"B+R+I - Ecointegral\" \/>\n<meta property=\"og:description\" content=\"B+R+I Wierzymy, \u017ce dzi\u0119ki badaniom, rozwojowi i innowacjom b\u0119dziemy w stanie przekszta\u0142ci\u0107 nasze us\u0142ugi i procesy, tworz\u0105c wyj\u0105tkow\u0105 warto\u015b\u0107 dla naszych klient\u00f3w i spo\u0142ecze\u0144stwa. Poszukujemy najlepszych pomys\u0142\u00f3w i uczestniczymy w du\u017cych innowacyjnych projektach z wiod\u0105cymi globalnymi partnerami technologicznymi. Kultura innowacji sta\u0142a si\u0119 prawdziw\u0105 si\u0142\u0105 nap\u0119dow\u0105 zmian i wyr\u00f3\u017cnienia naszej firmy, pozwalaj\u0105c nam przewidywa\u0107 i spe\u0142nia\u0107 [&hellip;]\" \/>\n<meta property=\"og:url\" content=\"https:\/\/ecointegral.com\/pl\/bri\/\" \/>\n<meta property=\"og:site_name\" content=\"Ecointegral\" \/>\n<meta property=\"article:modified_time\" content=\"2025-04-07T08:22:48+00:00\" \/>\n<meta name=\"twitter:card\" content=\"summary_large_image\" \/>\n<meta name=\"twitter:label1\" content=\"Szacowany czas czytania\" \/>\n\t<meta name=\"twitter:data1\" content=\"3 minuty\" \/>\n<script type=\"application\/ld+json\" class=\"yoast-schema-graph\">{\"@context\":\"https:\/\/schema.org\",\"@graph\":[{\"@type\":\"WebPage\",\"@id\":\"https:\/\/ecointegral.com\/pl\/bri\/\",\"url\":\"https:\/\/ecointegral.com\/pl\/bri\/\",\"name\":\"B+R+I - Ecointegral\",\"isPartOf\":{\"@id\":\"https:\/\/ecointegral.com\/#website\"},\"datePublished\":\"2025-04-07T07:54:15+00:00\",\"dateModified\":\"2025-04-07T08:22:48+00:00\",\"breadcrumb\":{\"@id\":\"https:\/\/ecointegral.com\/pl\/bri\/#breadcrumb\"},\"inLanguage\":\"pl-PL\",\"potentialAction\":[{\"@type\":\"ReadAction\",\"target\":[\"https:\/\/ecointegral.com\/pl\/bri\/\"]}]},{\"@type\":\"BreadcrumbList\",\"@id\":\"https:\/\/ecointegral.com\/pl\/bri\/#breadcrumb\",\"itemListElement\":[{\"@type\":\"ListItem\",\"position\":1,\"name\":\"Portada\",\"item\":\"https:\/\/ecointegral.com\/pl\/\"},{\"@type\":\"ListItem\",\"position\":2,\"name\":\"B+R+I\"}]},{\"@type\":\"WebSite\",\"@id\":\"https:\/\/ecointegral.com\/#website\",\"url\":\"https:\/\/ecointegral.com\/\",\"name\":\"Ecointegral\",\"description\":\"\",\"publisher\":{\"@id\":\"https:\/\/ecointegral.com\/#organization\"},\"potentialAction\":[{\"@type\":\"SearchAction\",\"target\":{\"@type\":\"EntryPoint\",\"urlTemplate\":\"https:\/\/ecointegral.com\/?s={search_term_string}\"},\"query-input\":\"required name=search_term_string\"}],\"inLanguage\":\"pl-PL\"},{\"@type\":\"Organization\",\"@id\":\"https:\/\/ecointegral.com\/#organization\",\"name\":\"Ecointegral\",\"url\":\"https:\/\/ecointegral.com\/\",\"logo\":{\"@type\":\"ImageObject\",\"inLanguage\":\"pl-PL\",\"@id\":\"https:\/\/ecointegral.com\/#\/schema\/logo\/image\/\",\"url\":\"https:\/\/ecointegral.com\/wp-content\/uploads\/2024\/04\/image001.png\",\"contentUrl\":\"https:\/\/ecointegral.com\/wp-content\/uploads\/2024\/04\/image001.png\",\"width\":357,\"height\":99,\"caption\":\"Ecointegral\"},\"image\":{\"@id\":\"https:\/\/ecointegral.com\/#\/schema\/logo\/image\/\"}}]}<\/script>\n<!-- \/ Yoast SEO plugin. -->","yoast_head_json":{"title":"B+R+I - Ecointegral","robots":{"index":"index","follow":"follow","max-snippet":"max-snippet:-1","max-image-preview":"max-image-preview:large","max-video-preview":"max-video-preview:-1"},"canonical":"https:\/\/ecointegral.com\/pl\/bri\/","og_locale":"pl_PL","og_type":"article","og_title":"B+R+I - Ecointegral","og_description":"B+R+I Wierzymy, \u017ce dzi\u0119ki badaniom, rozwojowi i innowacjom b\u0119dziemy w stanie przekszta\u0142ci\u0107 nasze us\u0142ugi i procesy, tworz\u0105c wyj\u0105tkow\u0105 warto\u015b\u0107 dla naszych klient\u00f3w i spo\u0142ecze\u0144stwa. Poszukujemy najlepszych pomys\u0142\u00f3w i uczestniczymy w du\u017cych innowacyjnych projektach z wiod\u0105cymi globalnymi partnerami technologicznymi. Kultura innowacji sta\u0142a si\u0119 prawdziw\u0105 si\u0142\u0105 nap\u0119dow\u0105 zmian i wyr\u00f3\u017cnienia naszej firmy, pozwalaj\u0105c nam przewidywa\u0107 i spe\u0142nia\u0107 [&hellip;]","og_url":"https:\/\/ecointegral.com\/pl\/bri\/","og_site_name":"Ecointegral","article_modified_time":"2025-04-07T08:22:48+00:00","twitter_card":"summary_large_image","twitter_misc":{"Szacowany czas czytania":"3 minuty"},"schema":{"@context":"https:\/\/schema.org","@graph":[{"@type":"WebPage","@id":"https:\/\/ecointegral.com\/pl\/bri\/","url":"https:\/\/ecointegral.com\/pl\/bri\/","name":"B+R+I - Ecointegral","isPartOf":{"@id":"https:\/\/ecointegral.com\/#website"},"datePublished":"2025-04-07T07:54:15+00:00","dateModified":"2025-04-07T08:22:48+00:00","breadcrumb":{"@id":"https:\/\/ecointegral.com\/pl\/bri\/#breadcrumb"},"inLanguage":"pl-PL","potentialAction":[{"@type":"ReadAction","target":["https:\/\/ecointegral.com\/pl\/bri\/"]}]},{"@type":"BreadcrumbList","@id":"https:\/\/ecointegral.com\/pl\/bri\/#breadcrumb","itemListElement":[{"@type":"ListItem","position":1,"name":"Portada","item":"https:\/\/ecointegral.com\/pl\/"},{"@type":"ListItem","position":2,"name":"B+R+I"}]},{"@type":"WebSite","@id":"https:\/\/ecointegral.com\/#website","url":"https:\/\/ecointegral.com\/","name":"Ecointegral","description":"","publisher":{"@id":"https:\/\/ecointegral.com\/#organization"},"potentialAction":[{"@type":"SearchAction","target":{"@type":"EntryPoint","urlTemplate":"https:\/\/ecointegral.com\/?s={search_term_string}"},"query-input":"required name=search_term_string"}],"inLanguage":"pl-PL"},{"@type":"Organization","@id":"https:\/\/ecointegral.com\/#organization","name":"Ecointegral","url":"https:\/\/ecointegral.com\/","logo":{"@type":"ImageObject","inLanguage":"pl-PL","@id":"https:\/\/ecointegral.com\/#\/schema\/logo\/image\/","url":"https:\/\/ecointegral.com\/wp-content\/uploads\/2024\/04\/image001.png","contentUrl":"https:\/\/ecointegral.com\/wp-content\/uploads\/2024\/04\/image001.png","width":357,"height":99,"caption":"Ecointegral"},"image":{"@id":"https:\/\/ecointegral.com\/#\/schema\/logo\/image\/"}}]}},"_links":{"self":[{"href":"https:\/\/ecointegral.com\/pl\/wp-json\/wp\/v2\/pages\/16918"}],"collection":[{"href":"https:\/\/ecointegral.com\/pl\/wp-json\/wp\/v2\/pages"}],"about":[{"href":"https:\/\/ecointegral.com\/pl\/wp-json\/wp\/v2\/types\/page"}],"author":[{"embeddable":true,"href":"https:\/\/ecointegral.com\/pl\/wp-json\/wp\/v2\/users\/1"}],"replies":[{"embeddable":true,"href":"https:\/\/ecointegral.com\/pl\/wp-json\/wp\/v2\/comments?post=16918"}],"version-history":[{"count":8,"href":"https:\/\/ecointegral.com\/pl\/wp-json\/wp\/v2\/pages\/16918\/revisions"}],"predecessor-version":[{"id":16963,"href":"https:\/\/ecointegral.com\/pl\/wp-json\/wp\/v2\/pages\/16918\/revisions\/16963"}],"wp:attachment":[{"href":"https:\/\/ecointegral.com\/pl\/wp-json\/wp\/v2\/media?parent=16918"}],"curies":[{"name":"wp","href":"https:\/\/api.w.org\/{rel}","templated":true}]}}